{"id":1061,"date":"2019-08-03T09:18:53","date_gmt":"2019-08-03T09:18:53","guid":{"rendered":"https:\/\/www.heitec-umwelttechnik.de\/wordpress\/?page_id=1061"},"modified":"2019-08-03T09:24:55","modified_gmt":"2019-08-03T09:24:55","slug":"datenschutz","status":"publish","type":"page","link":"https:\/\/www.heitec-umwelttechnik.de\/wordpress\/datenschutz\/","title":{"rendered":"Datenschutz"},"content":{"rendered":"<h1>Datenschutz<\/h1>\n<p>Vielen Dank f\u00fcr Ihr Interesse an unserem Onlineauftritt. Der Schutz Ihrer pers\u00f6nlichen Daten ist uns ein wichtiges Anliegen. An dieser Stelle m\u00f6chten wir Sie daher dar\u00fcber informieren, welche Daten bei Ihrem Besuch auf unserer Webseite zu welchem Zweck erhoben und verwendet werden. Es gelten die Regelungen EU-Datenschutzgrundverordnung (EU-DSGVO) sowie des Telemediengesetzes (TMG).<\/p>\n<p>&nbsp;<\/p>\n<h2><strong>Erhebung, Verarbeitung und Nutzung personenbezogener Daten<\/strong><\/h2>\n<p><strong>Personenbezogene Daten<\/strong><\/p>\n<p><strong>Begriffsbestimmung<\/strong><\/p>\n<p>Personenbezogen sind alle Daten, die Angaben \u00fcber pers\u00f6nliche oder sachliche Verh\u00e4ltnisse eines bestimmten oder bestimmbaren Kunden enthalten. Dazu z\u00e4hlt der Name, die E-Mailadresse, die Wohnadresse, das Geschlecht, das Geburtsdatum, die Telefonnummer oder auch das Alter.<\/p>\n<p>&nbsp;<\/p>\n<p><strong>Erhebung personenbezogener Daten<\/strong><\/p>\n<p>Wir erheben, verarbeiten und nutzen ihre personenbezogenen Daten nur mit Ihrer Einwilligung oder wenn eine Rechtsvorschrift dies erlaubt. Wir werden nur solche personenbezogenen Daten erheben, verarbeiten und nutzen, die f\u00fcr die Durchf\u00fchrung und die Inanspruchnahme unserer Dienstleistungen erforderlich sind oder die Sie uns freiwillig zur Verf\u00fcgung stellen.<\/p>\n<p>Rechtsgrundlage einer zur Erf\u00fcllung von Vertr\u00e4gen erforderlichen Verarbeitung personenbezogener Daten ist Art. 6 Abs. 1 S. 1 lit. b DS-GVO. Sollten wir personenbezogene Daten aufgrund einer rechtlichen Verpflichtung verarbeiten, ist dies nach Art. 6 Abs. 1 S. 1 lit. c DSGVO zul\u00e4ssig. Wenn wir Daten zur Wahrung berechtigter Interessen unseres Unternehmens oder Dritter verarbeiten und dem keine \u00fcberwiegenden Interessen Betroffener entgegenstehen, so ist dies nach Art. 6 Abs. 1 S. 1 lit. f DS-GVO gestattet. Wir nennen nachfolgend bei den einzelnen Nutzungen die jeweils einschl\u00e4gige Rechtsgrundlage.<\/p>\n<p>&nbsp;<\/p>\n<p><strong>Kontaktformular<\/strong><\/p>\n<p>Wenn Sie sich mit Fragen \u00fcber das auf unserer Website eingebundene Kontaktformular an uns wenden, speichern und nutzen wir die von Ihnen mitgeteilten personenbezogenen Daten (z. B. Ihre E-Mail-Adresse, ggf. auch Ihren Namen, Ihre Telefonnummer oder Ihre Anschrift), um Ihre Fragen zu beantworten. Rechtsgrundlage hierf\u00fcr ist Art. 6 Abs. 1 S. 1 lit. f DS-GVO.<\/p>\n<p>Sollten aufgrund einer solchen Kontaktaufnahme Verhandlungen \u00fcber eine Beauftragung oder eine Bestellung gef\u00fchrt oder Vertr\u00e4ge geschlossen und erf\u00fcllt werden, verarbeiten wir ggf. aufgrund der Kontaktaufnahme erhobene personenbezogene Daten f\u00fcr diese weitergehenden Zwecke. Rechtsgrundlage hierf\u00fcr ist Art. 6 Abs. 1 S. 1 lit. b DS-GVO.<\/p>\n<p>&nbsp;<\/p>\n<p><strong>Newsletter<\/strong><\/p>\n<p>Wenn Sie den auf der Webseite angebotenen Newsletter empfangen m\u00f6chten, wird von Ihnen eine g\u00fcltige E-Mail-Adresse ben\u00f6tigt sowie Informationen zur \u00dcberpr\u00fcfung, dass Sie der Inhaber der angegebenen E-Mail Adresse sind und Sie mit dem Empfang des Newsletters einverstanden sind. Hierzu verwenden wir das sogenannte Double Opt-In-Verfahren, d. h., wir werden Ihnen erst dann einen Newsletter per E-Mail zusenden, wenn Sie uns zuvor ausdr\u00fccklich best\u00e4tigt haben, dass wir den Newsletter-Dienst aktivieren sollen. Wir werden Ihnen dann eine Benachrichtigungs-E-Mail zusenden und Sie bitten, durch das Anklicken eines in dieser E-Mail enthaltenen Links zu best\u00e4tigen, dass Sie unseren Newsletter erhalten m\u00f6chten. Ihre Einwilligung zum Versand des Newsletters k\u00f6nnen Sie jederzeit widerrufen, etwa \u00fcber den \u201cAbbestellen\u201d-Link im Newsletter\u201c<\/p>\n<p>Rechtsgrundlage hierf\u00fcr ist Art. 6 Abs. 1 S. 1 lit. b DS-GVO.<\/p>\n<p>&nbsp;<\/p>\n<p><strong>Verwendung von Cookies<\/strong><\/p>\n<p>Als \u201eCookies\u201c werden kleine Dateien bezeichnet, die auf Rechnern der Nutzer gespeichert werden. Innerhalb der Cookies k\u00f6nnen unterschiedliche Angaben gespeichert werden. Ein Cookie dient prim\u00e4r dazu, die Angaben zu einem Nutzer (bzw. dem Ger\u00e4t auf dem das Cookie gespeichert ist) w\u00e4hrend oder auch nach seinem Besuch innerhalb eines Onlineangebotes zu speichern. Als tempor\u00e4re Cookies, bzw. \u201eSession-Cookies\u201c oder \u201etransiente Cookies\u201c, werden Cookies bezeichnet, die gel\u00f6scht werden, nachdem ein Nutzer ein Onlineangebot verl\u00e4sst und seinen Browser schlie\u00dft. In einem solchen Cookie kann z.B. der Inhalt eines Warenkorbs in einem Onlineshop oder ein Login-Status gespeichert werden. Als \u201epermanent\u201c oder \u201epersistent\u201c werden Cookies bezeichnet, die auch nach dem Schlie\u00dfen des Browsers gespeichert bleiben. So kann z.B. der Login-Status gespeichert werden, wenn die Nutzer diese nach mehreren Tagen aufsuchen. Ebenso k\u00f6nnen in einem solchen Cookie die Interessen der Nutzer gespeichert werden, die f\u00fcr Reichweitenmessung oder Marketingzwecke verwendet werden. Als \u201eThird-Party-Cookie\u201c werden Cookies bezeichnet, die von anderen Anbietern als dem Verantwortlichen, der das Onlineangebot betreibt, angeboten werden (andernfalls, wenn es nur dessen Cookies sind spricht man von \u201eFirst-Party Cookies\u201c).<\/p>\n<p>Wir k\u00f6nnen tempor\u00e4re und permanente Cookies einsetzen und kl\u00e4ren hier\u00fcber im Rahmen unserer Datenschutzerkl\u00e4rung auf.<\/p>\n<p>Diese Daten werden getrennt von Ihren weiteren Daten, die Sie eventuell bei uns angeben, gespeichert. Es erfolgt keine Verkn\u00fcpfung der Daten mit Ihren weiteren Daten. Sie werden zu statistischen Zwecken ausgewertet, um unsere Webseiten und unsere Angebote optimieren zu k\u00f6nnen. Die Daten werden nach ihrer Auswertung gel\u00f6scht.<\/p>\n<p>Sie k\u00f6nnen Ihren Browser so einstellen, dass Sie \u00fcber das Setzen von Cookies informiert werden und einzeln \u00fcber deren Annahme entscheiden oder die Annahme von Cookies f\u00fcr bestimmte F\u00e4lle oder generell ausschlie\u00dfen. Bei der Nichtannahme von Cookies kann die Funktionalit\u00e4t unserer Website eingeschr\u00e4nkt sein.<\/p>\n<p><strong>Youtube<\/strong><\/p>\n<p>Wir binden die Videos der Plattform \u201cYouTube\u201d des Anbieters Google LLC, 1600 Amphitheatre Parkway, Mountain View, CA 94043, USA, ein. Datenschutzerkl\u00e4rung: https:\/\/www.google.com\/policies\/privacy\/, Opt-Out: https:\/\/adssettings.google.com\/authenticated.<\/p>\n<p>&nbsp;<\/p>\n<p><strong>\u00dcbermittlung personenbezogener Daten an Dritte<\/strong><\/p>\n<p>F\u00fcr die Abwicklung Ihrer Bestellung ist es mitunter notwendig, Ihre personenbezogenen Daten an Dritte zu \u00fcbermitteln (z.B. Lieferanten oder Spediteure). Die an Dritte weitergegebenen Daten werden von diesen ausschlie\u00dflich zur Erf\u00fcllung der ihnen obliegenden Verpflichtungen oder Aufgaben verwendet. \u00dcbermittlungen an staatliche Einrichtungen oder Beh\u00f6rden erfolgen nur im Rahmen zwingender nationaler Rechtsvorschriften.<\/p>\n<p>&nbsp;<\/p>\n<p><strong>Datenweitergabe an Drittstaaten<\/strong><\/p>\n<p>Eine Daten\u00fcbermittlung in Drittstaaten (Staaten au\u00dferhalb des Europ\u00e4ischen Wirtschaftsraums \u2013 EWR) findet nicht statt, sofern es zur Erf\u00fcllung des Vertragsverh\u00e4ltnisses nicht von N\u00f6ten ist.<\/p>\n<p>&nbsp;<\/p>\n<p><strong>Dauer der Datenspeicherung<\/strong><\/p>\n<p>Wir verarbeiten und speichern Ihre personenbezogenen Daten grunds\u00e4tzlich f\u00fcr die Dauer unserer Gesch\u00e4ftsbeziehung, was beispielsweise auch die Anbahnung und die Abwicklung eines Vertrages umfasst. Des Weiteren unterliegen wir den gesetzlichen Aufbewahrungsfristen.<\/p>\n<p>&nbsp;<\/p>\n<p><strong>Widerspruchs- und Widerrufsrecht<\/strong><\/p>\n<p>Sie haben gem\u00e4\u00df Art. 21 DSGVO das Recht, jederzeit gegen die Verarbeitung Ihrer personenbezogenen Daten, die aufgrund von Art. 6 Abs. 1 a DSGVO (Datenverarbeitung aufgrund Ihrer Einwilligung) und Art. 6 Abs. 1 b der DSGVO (Datenverarbeitung zur Erf\u00fcllung vertraglicher Pflichten) erfolgt, Widerspruch einzulegen. Den Widerspruch k\u00f6nnen Sie formfrei an info@heitec-umwelttechnik.de senden.<\/p>\n<p>&nbsp;<\/p>\n<p><strong>Betroffenenrechte<\/strong><\/p>\n<p>Sie haben das Recht auf Auskunft nach Art. 15 DSGVO, das Recht auf Berichtigung nach Art. 16 DS-GVO, das Recht auf L\u00f6schung nach Art. 17 DSGVO, das Recht auf Einschr\u00e4nkung der Verarbeitung nach Art. 18 DSGVO sowie das Recht auf Daten\u00fcbertragbarkeit aus Art. 20 DS-GVO. Beim Auskunftsrecht und beim L\u00f6schungsrecht gelten die Einschr\u00e4nkungen nach \u00a7\u00a7 34 und 35 BDSG-neu. Zudem besteht ein Beschwerderecht bei einer Datenschutzaufsichtsbeh\u00f6rde (Art. 77 DSGVO i.V.m. \u00a7 19 BDS<\/p>\n<p>Heitec, Ing.-B\u00fcro f\u00fcr Umwelttechnik<\/p>\n<p>Adresse: G\u00fcnhovener Str. 101, 41179 M\u00f6nchengladbach<\/p>\n<p>Telefon: 0049-(0)2065-42 96 60<\/p>\n<p>Fax: nicht mehr in diesem Leben<\/p>\n<p>Mail: info@heitec-umwelttechnik.de<\/p>\n<p>&nbsp;<\/p>\n<p>Verantwortlich f\u00fcr den Blog: Anke Heisel<\/p>\n<p>&nbsp;<\/p>\n","protected":false},"excerpt":{"rendered":"<p>Datenschutz Vielen Dank f\u00fcr Ihr Interesse an unserem Onlineauftritt. Der Schutz Ihrer pers\u00f6nlichen Daten ist uns ein wichtiges Anliegen. An dieser Stelle m\u00f6chten wir Sie daher dar\u00fcber informieren, welche Daten bei Ihrem Besuch auf unserer Webseite zu welchem Zweck erhoben und verwendet werden. Es gelten die Regelungen EU-Datenschutzgrundverordnung (EU-DSGVO) sowie des Telemediengesetzes (TMG). &nbsp; Erhebung,&hellip; <br \/> <a class=\"read-more\" href=\"https:\/\/www.heitec-umwelttechnik.de\/wordpress\/datenschutz\/\">Weiterlesen<\/a><\/p>\n","protected":false},"author":2,"featured_media":0,"parent":0,"menu_order":0,"comment_status":"closed","ping_status":"closed","template":"pro\/page-templates\/page-with-small-header.php","meta":{"iawp_total_views":14,"footnotes":""},"class_list":["post-1061","page","type-page","status-publish","hentry"],"_links":{"self":[{"href":"https:\/\/www.heitec-umwelttechnik.de\/wordpress\/wp-json\/wp\/v2\/pages\/1061","targetHints":{"allow":["GET"]}}],"collection":[{"href":"https:\/\/www.heitec-umwelttechnik.de\/wordpress\/wp-json\/wp\/v2\/pages"}],"about":[{"href":"https:\/\/www.heitec-umwelttechnik.de\/wordpress\/wp-json\/wp\/v2\/types\/page"}],"author":[{"embeddable":true,"href":"https:\/\/www.heitec-umwelttechnik.de\/wordpress\/wp-json\/wp\/v2\/users\/2"}],"replies":[{"embeddable":true,"href":"https:\/\/www.heitec-umwelttechnik.de\/wordpress\/wp-json\/wp\/v2\/comments?post=1061"}],"version-history":[{"count":3,"href":"https:\/\/www.heitec-umwelttechnik.de\/wordpress\/wp-json\/wp\/v2\/pages\/1061\/revisions"}],"predecessor-version":[{"id":1064,"href":"https:\/\/www.heitec-umwelttechnik.de\/wordpress\/wp-json\/wp\/v2\/pages\/1061\/revisions\/1064"}],"wp:attachment":[{"href":"https:\/\/www.heitec-umwelttechnik.de\/wordpress\/wp-json\/wp\/v2\/media?parent=1061"}],"curies":[{"name":"wp","href":"https:\/\/api.w.org\/{rel}","templated":true}]}}