{"id":1375,"date":"2020-07-16T15:28:50","date_gmt":"2020-07-16T13:28:50","guid":{"rendered":"https:\/\/www.heitec-umwelttechnik.de\/wordpress\/?page_id=1375"},"modified":"2020-07-16T16:03:57","modified_gmt":"2020-07-16T14:03:57","slug":"reservierung-web-02","status":"publish","type":"page","link":"https:\/\/www.heitec-umwelttechnik.de\/wordpress\/webinare\/reservierung-web-02\/","title":{"rendered":"Reservierung Web 02"},"content":{"rendered":"<div  data-label=\"Overlappable\" data-id=\"overlappable--1\" data-export-id=\"overlappable-1\" data-category=\"overlappable\" class=\"overlappable-1 content-section content-section-spacing\" data-overlap=\"true\" id=\"overlappable-1\" style=\"background-color: rgb(255, 255, 255);\"><div  class=\"gridContainer\"> <div  data-type=\"row\" class=\"row shadow-medium\"><div  data-type=\"column\" class=\"col-xs-12 col-sm-4 flexcol bg-color-white col-padding col-padding-small-xs\"> <i  class=\"fa icon fa-question-circle color2\"><\/i>  <h3  class=\"\">Technik + Fakten<\/h3><p  class=\"\">Das Webinar ist kostenlos. Das Webinar dauert ca. 30 min + 10 min Diskussion. Planen Sie insgesamt also 40 min ein.<br >\nSie ben\u00f6tigen zur Teilnahme nur einen Computer mit Internetanschluss und Lautsprecher, um den Moderator zu h\u00f6ren. Wir haben einen Life-Chat, um auf Ihre Diskussionsbeitr\u00e4ge \/ Fragen einzugehen.<\/p> <\/div> <div  data-type=\"column\" class=\"col-xs-12 col-sm-4 flexcol bg-color2 col-padding col-padding-small-xs inverted\"><a data-cp-link=\"1\" href=\"#\" class=\"\" target=\"_self\" rel=\"noopener noreferrer\"><i  class=\"fa icon white fa-group color-black\"><\/i><\/a>  <h3  class=\"\">Teilnehmer<\/h3><p  class=\"\">Die Teilnehmerzahl ist begrenzt. Sichern Sie sich Ihren Platz!<\/p> <h4  class=\"\"><span  style=\"color: rgb(52, 58, 64);\">Max. 50 Teilnehmer<\/span><\/h4><\/div> <div  data-type=\"column\" class=\"col-xs-12 col-sm-4 flexcol bg-color6 col-padding col-padding-small-xs inverted\"><i  class=\"fa icon fa-calendar color3\"><\/i> <h5  class=\"inverted\"><span  style=\"font-family: Open Sans, arial, helvetica, sans-serif; font-weight: 600;\">Termine <\/span><span  id=\"_mce_caret\" data-mce-bogus=\"1\" data-mce-type=\"format-caret\"><span  style=\"font-family: Open Sans, arial, helvetica, sans-serif;\"><\/span><\/span><\/h5>  <div  data-editable=\"true\" data-name=\"ope-widgets-area\" data-content-shortcode=\"mesmerize_display_widgets_area id=&quot;mesmerize_users_custom_widgets_areas_0&quot; \" class=\"\"><div data-name=\"mesmerize-widgets-area\"><div id=\"eme_calendar-2\" class=\"widget widget_eme_calendar\"><h4>Termin aussuchen, anklicken und Sie werden zur Anmeldung gef\u00fchrt.<\/h4><div class='eme-calendar' id='eme-calendar-153'><table class='eme-calendar-table smallcalendar'>\n<thead><tr><th class='month_name' colspan='7'><a class='prev-month eme-cal-prev-month' href='#' data-full='0' data-htmltable='1' data-htmldiv='0' data-long_events='' data-month='03' data-year='2026' data-category='2' data-author='Heisel' data-contact_person='' data-location_id='' data-notcategory='4' data-template_id='0' data-holiday_id='0' data-weekdays='' data-language='de' data-calendar_divid='eme-calendar-153'>&lt;&lt;<\/a> Apr. 2026 <a class='next-month eme-cal-next-month' href=\"#\" data-full='0' data-htmltable='1' data-htmldiv='0' data-long_events='' data-month='05' data-year='2026' data-category='2' data-author='Heisel' data-contact_person='' data-location_id='' data-notcategory='4' data-template_id='0' data-holiday_id='0' data-weekdays='' data-language='de' data-calendar_divid='eme-calendar-153'>&gt;&gt;<\/a><\/th>\n<\/tr><\/thead>\n<tr class='days-names'><td class='Mon_header'>M<\/td><td class='Tue_header'>D<\/td><td class='Wed_header'>M<\/td><td class='Thu_header'>D<\/td><td class='Fri_header'>F<\/td><td class='Sat_header'>S<\/td><td class='Sun_header'>S<\/td><\/tr>\n<tr><td class='Mon eventless-pre'><span class='span-eme-calday span-eme-calday-30'>30<\/span><\/td>\n<td class='Tue eventless-pre'><span class='span-eme-calday span-eme-calday-31'>31<\/span><\/td>\n<td class='Wed eventless'><span class='span-eme-calday span-eme-calday-1'>1<\/span><\/td>\n<td class='Thu eventless'><span class='span-eme-calday span-eme-calday-2'>2<\/span><\/td>\n<td class='Fri eventless'><span class='span-eme-calday span-eme-calday-3'>3<\/span><\/td>\n<td class='Sat eventless'><span class='span-eme-calday span-eme-calday-4'>4<\/span><\/td>\n<td class='Sun eventless'><span class='span-eme-calday span-eme-calday-5'>5<\/span><\/td>\n<\/tr>\n<tr><td class='Mon eventless'><span class='span-eme-calday span-eme-calday-6'>6<\/span><\/td>\n<td class='Tue eventless'><span class='span-eme-calday span-eme-calday-7'>7<\/span><\/td>\n<td class='Wed eventless'><span class='span-eme-calday span-eme-calday-8'>8<\/span><\/td>\n<td class='Thu eventless'><span class='span-eme-calday span-eme-calday-9'>9<\/span><\/td>\n<td class='Fri eventless'><span class='span-eme-calday span-eme-calday-10'>10<\/span><\/td>\n<td class='Sat eventless'><span class='span-eme-calday span-eme-calday-11'>11<\/span><\/td>\n<td class='Sun eventless'><span class='span-eme-calday span-eme-calday-12'>12<\/span><\/td>\n<\/tr>\n<tr><td class='Mon eventless'><span class='span-eme-calday span-eme-calday-13'>13<\/span><\/td>\n<td class='Tue eventless'><span class='span-eme-calday span-eme-calday-14'>14<\/span><\/td>\n<td class='Wed eventless'><span class='span-eme-calday span-eme-calday-15'>15<\/span><\/td>\n<td class='Thu eventless'><span class='span-eme-calday span-eme-calday-16'>16<\/span><\/td>\n<td class='Fri eventless'><span class='span-eme-calday span-eme-calday-17'>17<\/span><\/td>\n<td class='Sat eventless'><span class='span-eme-calday span-eme-calday-18'>18<\/span><\/td>\n<td class='Sun eventless'><span class='span-eme-calday span-eme-calday-19'>19<\/span><\/td>\n<\/tr>\n<tr><td class='Mon eventless'><span class='span-eme-calday span-eme-calday-20'>20<\/span><\/td>\n<td class='Tue eventless-today'><span class='span-eme-calday span-eme-calday-21'>21<\/span><\/td>\n<td class='Wed eventless'><span class='span-eme-calday span-eme-calday-22'>22<\/span><\/td>\n<td class='Thu eventless'><span class='span-eme-calday span-eme-calday-23'>23<\/span><\/td>\n<td class='Fri eventless'><span class='span-eme-calday span-eme-calday-24'>24<\/span><\/td>\n<td class='Sat eventless'><span class='span-eme-calday span-eme-calday-25'>25<\/span><\/td>\n<td class='Sun eventless'><span class='span-eme-calday span-eme-calday-26'>26<\/span><\/td>\n<\/tr>\n<tr><td class='Mon eventless'><span class='span-eme-calday span-eme-calday-27'>27<\/span><\/td>\n<td class='Tue eventless'><span class='span-eme-calday span-eme-calday-28'>28<\/span><\/td>\n<td class='Wed eventless'><span class='span-eme-calday span-eme-calday-29'>29<\/span><\/td>\n<td class='Thu eventless'><span class='span-eme-calday span-eme-calday-30'>30<\/span><\/td>\n<td class='Fri eventless-post'><span class='span-eme-calday span-eme-calday-1'>1<\/span><\/td>\n<td class='Sat eventless-post'><span class='span-eme-calday span-eme-calday-2'>2<\/span><\/td>\n<td class='Sun eventless-post'><span class='span-eme-calday span-eme-calday-3'>3<\/span><\/td>\n<\/tr>\n<\/table>\n<\/div><\/div><\/div><\/div><\/div> <\/div><\/div> <\/div><div  data-label=\"Content\" data-id=\"content--1\" data-export-id=\"content-2\" data-category=\"content\" class=\"content-2 content-section content-section-spacing\" id=\"content-1\" style=\"background-color: rgb(245, 250, 253);\"><div > <div  class=\"row middle-xs\"><div  class=\"col-sm-5 bg-image shadow-large-black\" data-bg=\"image\" style=\"background-image: url(&quot;https:\/\/www.heitec-umwelttechnik.de\/wordpress\/wp-content\/uploads\/2020\/07\/cropped-Motivationsdesign.jpg&quot;);\"><\/div> <div  class=\"col-sm-7 full-col-left-padding full-col-right-padding\"> <div  class=\"row\"> <div  data-type=\"column\" class=\"space-bottom-small content-title-col\"> <h5  class=\"\">5 wichtige Fragen, die Sie beantworten m\u00fcssen<\/h5> <h2  class=\"\">Motivationsdesign vs. M\u00f6hre<\/h2> <p  class=\"\">IUm im Projektverlauf die Mitarbeiter durch die emotionalen Kurven zu bringen, sind einfache Motivationsanreize nicht ausreichend.\n<br ><br >\nDer Projektleiter muss bereits bei der Planung des Projekts ein komplexes Motivationsdesign ber\u00fccksichtigen \/ entwerfen.\n<br ><br >\nZudem wird an der Grafik auch deutlich wie stark soziale Prozesse den Projekterfolg beeinflussen und \u00fcber welch umfangreiche Methodenkompetenz eine Projektleiter verf\u00fcgen muss. In diesem Webinar besch\u00e4ftigen wir uns mit den 5 wichtigsten Fragenkomplexen, die in der Projektorganisation ber\u00fccksichtigt werden m\u00fcssen.<\/p><\/div> <\/div> <div  class=\"row spaced-cols \" data-type=\"row\"> <div  class=\"col-xs-6\" data-type=\"column\"> <h5  class=\"\">Nach der Anmeldung<\/h5> <p  class=\"\">Direkt nach der Anmeldung erhalten Sie das Flowchart mit der der Vorgehensweise per Mail. Das ist exklusiv fnur f\u00fcr die Webinarteilnehmer.<\/p><\/div> <div  class=\"col-xs-6\" data-type=\"column\"><h5  class=\"\">Ihre Vorbereitung<\/h5> <p  class=\"\">Bestimmen Sie Ihre konkreten Ziele f\u00fcr das Webinar und formulieren Sie Fragen im Vorfeld. <br >Sie haben die M\u00f6glichkeit bereits vor dem Webinar Ihre Fragen an uns zu senden.<\/p><\/div> <div  class=\"col-xs-6\" data-type=\"column\"><h5  class=\"\">Vor dem Webinar<\/h5> <p  class=\"\">Sie erhalten ein Handout, damit Sie wissen was Sie im Webinar erwartet und Sie Ihre Schwerpunkte bestimmen k\u00f6nnen<\/p><\/div> <div  class=\"col-xs-6\" data-type=\"column\"><h5  class=\"\">Im Webinar<\/h5> <p  class=\"\">Im Webinar gibt es einen Live-Chat hier k\u00f6nnen Sie live Ihre Fragen stellen und Diskussionen anregen.<\/p><\/div> <\/div><\/div> <\/div><\/div> <\/div>","protected":false},"excerpt":{"rendered":"<p>Technik + FaktenDas Webinar ist kostenlos. Das Webinar dauert ca. 30 min + 10 min Diskussion. Planen Sie insgesamt also 40 min ein. Sie ben\u00f6tigen zur Teilnahme nur einen Computer mit Internetanschluss und Lautsprecher, um den Moderator zu h\u00f6ren. Wir haben einen Life-Chat, um auf Ihre Diskussionsbeitr\u00e4ge \/ Fragen einzugehen. TeilnehmerDie Teilnehmerzahl ist begrenzt. Sichern&hellip; <br \/> <a class=\"read-more\" href=\"https:\/\/www.heitec-umwelttechnik.de\/wordpress\/webinare\/reservierung-web-02\/\">Weiterlesen<\/a><\/p>\n","protected":false},"author":2,"featured_media":0,"parent":905,"menu_order":0,"comment_status":"closed","ping_status":"closed","template":"pro\/page-templates\/full-width-page.php","meta":{"iawp_total_views":4,"footnotes":""},"class_list":["post-1375","page","type-page","status-publish","hentry"],"_links":{"self":[{"href":"https:\/\/www.heitec-umwelttechnik.de\/wordpress\/wp-json\/wp\/v2\/pages\/1375","targetHints":{"allow":["GET"]}}],"collection":[{"href":"https:\/\/www.heitec-umwelttechnik.de\/wordpress\/wp-json\/wp\/v2\/pages"}],"about":[{"href":"https:\/\/www.heitec-umwelttechnik.de\/wordpress\/wp-json\/wp\/v2\/types\/page"}],"author":[{"embeddable":true,"href":"https:\/\/www.heitec-umwelttechnik.de\/wordpress\/wp-json\/wp\/v2\/users\/2"}],"replies":[{"embeddable":true,"href":"https:\/\/www.heitec-umwelttechnik.de\/wordpress\/wp-json\/wp\/v2\/comments?post=1375"}],"version-history":[{"count":3,"href":"https:\/\/www.heitec-umwelttechnik.de\/wordpress\/wp-json\/wp\/v2\/pages\/1375\/revisions"}],"predecessor-version":[{"id":1384,"href":"https:\/\/www.heitec-umwelttechnik.de\/wordpress\/wp-json\/wp\/v2\/pages\/1375\/revisions\/1384"}],"up":[{"embeddable":true,"href":"https:\/\/www.heitec-umwelttechnik.de\/wordpress\/wp-json\/wp\/v2\/pages\/905"}],"wp:attachment":[{"href":"https:\/\/www.heitec-umwelttechnik.de\/wordpress\/wp-json\/wp\/v2\/media?parent=1375"}],"curies":[{"name":"wp","href":"https:\/\/api.w.org\/{rel}","templated":true}]}}