{"id":397,"date":"2015-01-29T13:50:53","date_gmt":"2015-01-29T13:50:53","guid":{"rendered":"http:\/\/www.heitec-umwelttechnik.de\/wordpress\/?page_id=397"},"modified":"2019-08-19T11:06:55","modified_gmt":"2019-08-19T11:06:55","slug":"360-engineering","status":"publish","type":"page","link":"https:\/\/www.heitec-umwelttechnik.de\/wordpress\/leistungen\/360-engineering\/","title":{"rendered":"360\u00b0 Engineering"},"content":{"rendered":"<div  data-label=\"Content\" data-id=\"content--2\" data-export-id=\"content-3\" data-category=\"content\" class=\"content-3 content-section content-section-spacing\" id=\"content-2\" style=\"background-color: rgb(255, 255, 255);\"><div > <div  class=\"row middle-xs\"><div  class=\"col-sm-7 full-col-left-padding full-col-right-padding\"> <div  class=\"row\"><div  data-type=\"column\" class=\"space-bottom-small content-title-col content-left-sm\">  <h2  class=\"\">Engineering ist mehr als Planung<\/h2> <p  class=\"\">Wir bieten Ihnen mehr als nur die klassischen Planungsleistungen im verfahrenstechnischen Anlagenbau. Unser Ansatz ist ein umfassender. Wir sehen nicht nur die einzelnen technischen und verfahrenstechnischen Aspekte sondern auch deren Wechselwirkungen.<\/p><\/div> <\/div> <div  class=\"row spaced-cols\" data-type=\"row\"> <div  class=\"col-xs-6\" data-type=\"column\"> <h5  class=\"\">Analyse<\/h5> <p  class=\"\">Wir beschr\u00e4nken uns nicht auf die zur Planung notwendigen Daten, wir machen eine komplette Potenzialanalyse. Hierdurch haben haben Sie eine fundierte Wirtschaftlichkeitsbetrachtung als Grundlage f\u00fcr Ihre Entscheidungen und kaufen also nicht die Katze im Sack!<\/p><\/div> <div  class=\"col-xs-6\" data-type=\"column\"><h5  class=\"\">Integrierte Planung<\/h5> <p  class=\"\">In den Besonderheiten der Planung von verfahrenstechnischen Anlagen sind wir Zuhause. Wir planen nicht nur Ihre Anlage sondern ber\u00fccksichtigen von der Instandhaltung bis zur Qualifizierung der zuk\u00fcnftigen Bediener Ihre firmenspezifischen Bed\u00fcrfnisse.<\/p><\/div> <div  class=\"col-xs-6\" data-type=\"column\"><h5  class=\"\">modularer Aufbau<\/h5> <p  class=\"\">Unsere Anlagenplanung ber\u00fccksichtigt die m\u00f6gliche Entwicklung Ihrer Produktion. Der modulare Aufbau erlaubt eine flexible und kosteng\u00fcnstige Anpassung an Ver\u00e4nderungen<\/p><\/div> <div  class=\"col-xs-6\" data-type=\"column\"><h5  class=\"\">After Sales Betreuung<\/h5> <p  class=\"\">Wie bieten mit unserer Prozessbegleitung auch nach der Errichtung Support f\u00fcr die Bediener.<\/p><\/div> <\/div><\/div> <div  class=\"col-sm-5 bg-image shadow-large-black revert-classes-holder\" data-bg=\"image\" style=\"background-image: url(&quot;https:\/\/www.heitec-umwelttechnik.de\/wordpress\/wp-content\/uploads\/2019\/08\/cropped-Engineering_neu.jpg&quot;);\"><\/div><\/div> <\/div><\/div><div  data-label=\"Content\" data-id=\"content--3\" data-export-id=\"content-15\" data-category=\"content\" class=\"content-15 content-section content-section-spacing\" id=\"content-3\" style=\"background-color: rgb(245, 250, 253);\"><div  class=\"gridContainer\"> <div  class=\"row middle-sm\"><div  class=\"col-sm-6 flexbox around-xs top-xs space-bottom-xs space-top-xs\"> <div  class=\"overlay-box flexbox middle-xs center-xs overlay-holder\"><div  class=\"overlay-box-offset offset-border shadow-medium border-color2 hide-xs\"><\/div> <img decoding=\"async\"  class=\"flexbox shadow-large img1\" data-size=\"500x500\" src=\"https:\/\/www.heitec-umwelttechnik.de\/wordpress\/wp-content\/uploads\/2019\/08\/Motivationskurve.jpg\" alt=\"\" title=\"Motivationskurve\"><\/div> <\/div> <div  class=\"col-sm-6\" data-type=\"column\"> <h2  class=\"\">Wir kennen <br >und ber\u00fccksichtigen die <span  style=\"font-family: Playfair Display, arial, helvetica, sans-serif;\">\u201cPeople Side of Change\u201d<\/span><\/h2> <p  class=\"\">Ob eine Anlage neu errichtet wird oder angepasst, wann immer ein Ver\u00e4nderungsprozess initiiert wird kommen Interessen ins Spiel und \u00c4ngste. Wird damit nicht sorgf\u00e4ltig umgegangen und diese \u00c4ngste ernst genommen und auch die Interessenslagen der Mitspieler sorgf\u00e4ltig gepr\u00fcft, entstehen Widerst\u00e4nde, die die Umsetzung erheblich erschweren. Die Einbindung der Mitarbeiter ist bei uns fester Bestandteil des Engineerings.\n<br >Neben der Mitarbeitereinbindung ber\u00fccksichtigen wir bei der Planung auch die Wissensvermittlung. Das Wort ist bewu\u00dft gew\u00e4hlt!&nbsp; Im Betriebsalltag geht darum Wissen in Handeln umzusetzten. Es geht um K\u00f6nnen. Wir bieten vom Wissenserwerb bis hin zu Corporate Learning die gesamte Palette.<\/p> <a  class=\"button color1 dark-text\" href=\"https:\/\/www.heitec-umwelttechnik.de\/wordpress\/campus\" target=\"_self\" data-cp-link=\"1\" data-icon=\"\">Details<\/a><\/div> <\/div><\/div> <\/div>","protected":false},"excerpt":{"rendered":"<p>Engineering ist mehr als Planung Wir bieten Ihnen mehr als nur die klassischen Planungsleistungen im verfahrenstechnischen Anlagenbau. Unser Ansatz ist ein umfassender. Wir sehen nicht nur die einzelnen technischen und verfahrenstechnischen Aspekte sondern auch deren Wechselwirkungen. Analyse Wir beschr\u00e4nken uns nicht auf die zur Planung notwendigen Daten, wir machen eine komplette Potenzialanalyse. Hierdurch haben haben&hellip; <br \/> <a class=\"read-more\" href=\"https:\/\/www.heitec-umwelttechnik.de\/wordpress\/leistungen\/360-engineering\/\">Weiterlesen<\/a><\/p>\n","protected":false},"author":1,"featured_media":485,"parent":479,"menu_order":0,"comment_status":"closed","ping_status":"closed","template":"pro\/page-templates\/full-width-page.php","meta":{"iawp_total_views":33,"footnotes":""},"class_list":["post-397","page","type-page","status-publish","has-post-thumbnail","hentry"],"_links":{"self":[{"href":"https:\/\/www.heitec-umwelttechnik.de\/wordpress\/wp-json\/wp\/v2\/pages\/397","targetHints":{"allow":["GET"]}}],"collection":[{"href":"https:\/\/www.heitec-umwelttechnik.de\/wordpress\/wp-json\/wp\/v2\/pages"}],"about":[{"href":"https:\/\/www.heitec-umwelttechnik.de\/wordpress\/wp-json\/wp\/v2\/types\/page"}],"author":[{"embeddable":true,"href":"https:\/\/www.heitec-umwelttechnik.de\/wordpress\/wp-json\/wp\/v2\/users\/1"}],"replies":[{"embeddable":true,"href":"https:\/\/www.heitec-umwelttechnik.de\/wordpress\/wp-json\/wp\/v2\/comments?post=397"}],"version-history":[{"count":18,"href":"https:\/\/www.heitec-umwelttechnik.de\/wordpress\/wp-json\/wp\/v2\/pages\/397\/revisions"}],"predecessor-version":[{"id":1190,"href":"https:\/\/www.heitec-umwelttechnik.de\/wordpress\/wp-json\/wp\/v2\/pages\/397\/revisions\/1190"}],"up":[{"embeddable":true,"href":"https:\/\/www.heitec-umwelttechnik.de\/wordpress\/wp-json\/wp\/v2\/pages\/479"}],"wp:featuredmedia":[{"embeddable":true,"href":"https:\/\/www.heitec-umwelttechnik.de\/wordpress\/wp-json\/wp\/v2\/media\/485"}],"wp:attachment":[{"href":"https:\/\/www.heitec-umwelttechnik.de\/wordpress\/wp-json\/wp\/v2\/media?parent=397"}],"curies":[{"name":"wp","href":"https:\/\/api.w.org\/{rel}","templated":true}]}}