{"id":401,"date":"2015-01-29T13:52:27","date_gmt":"2015-01-29T13:52:27","guid":{"rendered":"http:\/\/www.heitec-umwelttechnik.de\/wordpress\/?page_id=401"},"modified":"2019-08-05T13:24:52","modified_gmt":"2019-08-05T13:24:52","slug":"pm","status":"publish","type":"page","link":"https:\/\/www.heitec-umwelttechnik.de\/wordpress\/leistungen\/pm\/","title":{"rendered":"Projektmanagement"},"content":{"rendered":"<div data-label=\"Content\" data-id=\"content--2\" data-export-id=\"content-2\" data-category=\"content\" class=\"content-2 content-section content-section-spacing\" id=\"content-2\"  style=\"background-color: rgb(255, 255, 255);\"><div  class=\"gridContainer\"> <div class=\"row middle-xs\" ><div class=\"col-sm-5 bg-image shadow-large-black\" data-bg=\"image\"  style=\"background-image: url(&quot;https:\/\/www.heitec-umwelttechnik.de\/wordpress\/wp-content\/uploads\/2019\/08\/cropped-PM-1-2.jpeg&quot;);\"><\/div> <div class=\"col-sm-7 full-col-left-padding full-col-right-padding\" > <div class=\"row\" > <div data-type=\"column\" class=\"space-bottom-small content-title-col\" >  <h2 class=\"\" >Projektmanagement macht doch Jeder! Warum erw\u00e4hnen wir unser Projektmanagement?<\/h2> <p class=\"\" >Es gibt eine Reihe zertifizierter Projektmanagementmethoden, ganze Studieng\u00e4nge. Betritt man eine Bibliothek findet man Hunderte von B\u00fcchern zum Thema Projektmanagment. Warum also erw\u00e4hnen wir extra unser Projektmanage-ment?<br >\r\n<span style=\"font-weight: 600;\" ><span style=\"color: rgb(221, 51, 51);\" >Suchen Sie mal nach Informationen zum Projektmanagement bei der Errichtung oder \u00c4nderung von verfahrenstechnischen Anlagen!\r\n<\/span><\/span><br >\r\nDa gibt es nicht einmal eine handvoll Ver\u00f6ffentlichungen.<br >\r\nGalvanoanlagen und Wasseraufbereitungen sind aber verfahrenstechnische Anlagen!<br >\r\nDer sch\u00f6nste Anlagenbau hilft nicht, wenn das Verfahren fehlerhaft ist oder nicht beherrscht wird. Ber\u00fccksichtigen Sie in Ihren Auftr\u00e4gen die verfahrenstechnischen Garantien oder nur die der Aggregate? Haben Sie nur Liefervertr\u00e4ge statt Werksliefervertr\u00e4ge? Ber\u00fccksichtigen Sie das Verfahren und dessen Einf\u00fchrung im Projektmanagement?<\/p><\/div> <\/div> <div class=\"row spaced-cols \" data-type=\"row\" > <div class=\"col-xs-6\" data-type=\"column\" > <h5 class=\"\" >Verfahrensgeber + Garantie<\/h5> <p class=\"\" >Die Garantie einer Pumpe wird diskutiert. Auch die Garantie f\u00fcr das Verfahren?<\/p><\/div> <div class=\"col-xs-6\" data-type=\"column\" ><h5 class=\"\" >Projektstart<\/h5> <p class=\"\" >Beginnt Ihr Projekt mit der technischen Planung? Ber\u00fccksichtigt Ihr Zeitplan die Errichtung aber nicht die Einf\u00fchrung und Inbetriebnahme des Verfahrens?<\/p><\/div> <div class=\"col-xs-6\" data-type=\"column\" ><h5 class=\"\" >Schulung<\/h5> <p class=\"\" >Beschr\u00e4nkt sich Ihr Schulungsplan auf die Bedienung des Prozessleitsystems? <\/p><\/div> <div class=\"col-xs-6\" data-type=\"column\" ><h5 class=\"\" >Wartungsvertrag<\/h5> <p class=\"\" >Haben Sie nur einen Wartungsvertrag f\u00fcr die Anlagenkomponente? Wie sieht die verfahrenstechnische Betreuung aus?<\/p><\/div> <\/div><\/div> <\/div><\/div> <\/div><div data-label=\"Content\" data-id=\"content--1\" data-export-id=\"content-19\" data-category=\"content\" class=\"content-19 content-section content-section-spacing white-text\" id=\"content-1\" ><div class=\"gridContainer\" > <div class=\"row\" ><div data-type=\"column\" class=\"col-sm-6 content-col text-center content-section-spacing shadow\" > <i class=\"fa fa-magic icon color1 big\" ><\/i> <h2 class=\"font-300\" >Das Thema ist uns wichtig!<\/h2>  <p class=\"\" >Den Besonderheiten des Projektmanagements bei verfahrenstechnischen Anlagen vom Projektstart \u00fcber die Vertragsgestaltung bis zur Inbetriebnahme haben wir einen eigenen Podcast gewidmet und bieten kostenfreie Webinare an<\/p> <a href=\"https:\/\/www.heitec-umwelttechnik.de\/wordpress\/webinar\" class=\"button color1\"  target=\"_blank\" data-cp-link=\"1\" data-icon=\"\" rel=\"noopener noreferrer\">Webinare<\/a><\/div> <div class=\"col-sm-5 flexbox-strech center-xs middle-xs no-gutter-col\" ><div class=\"flexbox middle-xs center-xs right-img\" data-bg=\"image\" ><\/div><\/div> <\/div><\/div> <\/div>","protected":false},"excerpt":{"rendered":"<p>Projektmanagement macht doch Jeder! Warum erw\u00e4hnen wir unser Projektmanagement? Es gibt eine Reihe zertifizierter Projektmanagementmethoden, ganze Studieng\u00e4nge. Betritt man eine Bibliothek findet man Hunderte von B\u00fcchern zum Thema Projektmanagment. Warum also erw\u00e4hnen wir extra unser Projektmanage-ment? Suchen Sie mal nach Informationen zum Projektmanagement bei der Errichtung oder \u00c4nderung von verfahrenstechnischen Anlagen! Da gibt es nicht&hellip; <br \/> <a class=\"read-more\" href=\"https:\/\/www.heitec-umwelttechnik.de\/wordpress\/leistungen\/pm\/\">Weiterlesen<\/a><\/p>\n","protected":false},"author":3,"featured_media":487,"parent":479,"menu_order":3,"comment_status":"closed","ping_status":"closed","template":"pro\/page-templates\/full-width-page.php","meta":{"iawp_total_views":16,"footnotes":""},"class_list":["post-401","page","type-page","status-publish","has-post-thumbnail","hentry"],"_links":{"self":[{"href":"https:\/\/www.heitec-umwelttechnik.de\/wordpress\/wp-json\/wp\/v2\/pages\/401","targetHints":{"allow":["GET"]}}],"collection":[{"href":"https:\/\/www.heitec-umwelttechnik.de\/wordpress\/wp-json\/wp\/v2\/pages"}],"about":[{"href":"https:\/\/www.heitec-umwelttechnik.de\/wordpress\/wp-json\/wp\/v2\/types\/page"}],"author":[{"embeddable":true,"href":"https:\/\/www.heitec-umwelttechnik.de\/wordpress\/wp-json\/wp\/v2\/users\/3"}],"replies":[{"embeddable":true,"href":"https:\/\/www.heitec-umwelttechnik.de\/wordpress\/wp-json\/wp\/v2\/comments?post=401"}],"version-history":[{"count":23,"href":"https:\/\/www.heitec-umwelttechnik.de\/wordpress\/wp-json\/wp\/v2\/pages\/401\/revisions"}],"predecessor-version":[{"id":1115,"href":"https:\/\/www.heitec-umwelttechnik.de\/wordpress\/wp-json\/wp\/v2\/pages\/401\/revisions\/1115"}],"up":[{"embeddable":true,"href":"https:\/\/www.heitec-umwelttechnik.de\/wordpress\/wp-json\/wp\/v2\/pages\/479"}],"wp:featuredmedia":[{"embeddable":true,"href":"https:\/\/www.heitec-umwelttechnik.de\/wordpress\/wp-json\/wp\/v2\/media\/487"}],"wp:attachment":[{"href":"https:\/\/www.heitec-umwelttechnik.de\/wordpress\/wp-json\/wp\/v2\/media?parent=401"}],"curies":[{"name":"wp","href":"https:\/\/api.w.org\/{rel}","templated":true}]}}