{"id":404,"date":"2015-01-29T13:56:33","date_gmt":"2015-01-29T13:56:33","guid":{"rendered":"http:\/\/www.heitec-umwelttechnik.de\/wordpress\/?page_id=404"},"modified":"2019-08-05T14:52:37","modified_gmt":"2019-08-05T14:52:37","slug":"verfahrensentwicklung","status":"publish","type":"page","link":"https:\/\/www.heitec-umwelttechnik.de\/wordpress\/leistungen\/verfahrensentwicklung\/","title":{"rendered":"Verfahrensentwicklung"},"content":{"rendered":"<div data-label=\"Overlappable\" data-id=\"overlappable--1\" data-export-id=\"overlappable-4\" data-category=\"overlappable\" class=\"overlappable-4 content-section content-section-spacing\" data-overlap=\"true\" id=\"overlappable-1\"  style=\"background-color: rgb(255, 255, 255);\"><div class=\"gridContainer\" > <div data-type=\"row\" class=\"row spaced-cols text-center\" ><div class=\"col-xs-12 col-sm-4 col-padding\" > <i class=\"fa icon shadow-large-black aligncenter fa-check reverse round large color7\" ><\/i> <div data-type=\"column\" class=\"\" > <h5 class=\"\" >Bew\u00e4hrtes verbessern<\/h5> <p class=\"\" >Wir arbeiten kontinuierliche an der Verbesserung unseren Verfahren<\/p><\/div> <\/div> <div class=\"col-xs-12 col-sm-4 col-padding\" > <i class=\"fa icon shadow-large-black aligncenter fa-check reverse round large color7\" ><\/i> <div data-type=\"column\" class=\"\" ><h5 class=\"\" >Bedienung vereinfachen<\/h5> <p class=\"\" >Die Mensch-Maschine Schnittstelle ist f\u00fcr den erfolgreichen Einsatz unserer Verfahren von zentraler Bedeutung<br >&nbsp;und wird daher st\u00e4ndig optimiert.<\/p><\/div> <\/div> <div class=\"col-xs-12 col-sm-4 col-padding\" > <i class=\"fa icon shadow-large-black aligncenter fa-check reverse round large color7\" ><\/i> <div data-type=\"column\" class=\"\" ><h5 class=\"\" >Innovation<\/h5> <p class=\"\" >Die Entwicklung innovativer Verfahren bis zur Marktreife kostet viel Zeit, aber es bringt uns in allen Bereichen weiter<br >.<\/p><\/div> <\/div><\/div> <\/div><\/div><div data-label=\"Content\" data-id=\"content--1\" data-export-id=\"content-8\" data-category=\"content\" class=\"content-8 content-section content-section-spacing\" id=\"content-1\"  style=\"background-color: rgb(245, 250, 253);\"><div class=\"gridContainer\" > <div class=\"row middle-sm\" ><div class=\"col-sm-6 space-bottom-xs space-top-xs\" data-type=\"column\" > <img decoding=\"async\" class=\"shadow-large\" src=\"https:\/\/www.heitec-umwelttechnik.de\/wordpress\/wp-content\/uploads\/2019\/07\/cropped-Streichholz-1.jpg\"  alt=\"\" title=\"cropped-Streichholz-1.jpg\"><\/div> <div class=\"col-sm-6\" data-type=\"column\" ><h2 class=\"\" >z\u00fcndende Ideen<\/h2> <p class=\"\" >Manchmal kommen uns Ideen zur Verbesserung unserer Verfahren bei den verfahrenstechnischen Inbetribennahmen, h\u00e4uiger durch unseren Kontakt ( siehe Betreuung unserer Verfahren) zu den Bedienern. Manchmal sind es Kleinigkeiten, die den Betriebsalltag einfacher gestallten wie unsere Redoxregler, manchmal sind eine gr\u00f6\u00dfere \u00dcberarbeitungen der Verfahrensabl\u00e4ufe. Aber immer sind wir bereit zu diskutieren, neue L\u00f6sungen zu suchen oder Verfahren an neue Rahmenbedingungen zu adaptieren.\n<br ><br >Daraus resultieren modulare flexible Verfahren, die schnell angepasst werden k\u00f6nnen.<\/p> <\/div> <\/div><\/div> <\/div><div data-label=\"Content\" data-id=\"content--2\" data-export-id=\"content-16\" data-category=\"content\" class=\"content-16 content-section content-section-spacing\" id=\"content-2\"  style=\"background-color: rgb(255, 255, 255);\"><div class=\"gridContainer\" > <div class=\"row middle-sm\" ><div class=\"col-sm-6 space-bottom-xs\" data-type=\"column\" > <h2 class=\"\" >Verfahren werden von Menschen gef\u00fchrt<\/h2> <p class=\"\" >Der hohe Automatisierungsgrad unserer verfahrenstechnischen Anlagen l\u00e4sst manchmal vergessen, dass die Menschen, die die Anlagen bedienen \u00fcber Erfolg und Misserfolg entscheiden. Die beste pH-Regelung f\u00fchrt nicht zum Erfolg bei fehlerhafter Parametrierung. Wir besch\u00e4ftigen uns kontinuierlich damit fehlerhafte Eingaben abzufangen, um die Bedienfreundlichkeit zu erh\u00f6hen. Die Schulung und Betreuung der Bediener ist hilreich beim verst\u00e4ndnis der Verfahren.\n<br >\n<br ><br >Dar\u00fcber hinaus entwickeln wir Tools, die es der Bedienermannschaft erlauben Fehlentwicklungen m\u00f6glichst fr\u00fch zu erkennen.<\/p> <\/div> <div class=\"col-sm-6 flexbox around-xs top-xs space-top-xs space-bottom-xs\" ><div class=\"overlay-box flexbox middle-xs center-xs overlay-holder\" > <div class=\"overlay-box-offset offset-border shadow-medium border-color2 hide-xs\" ><\/div> <img decoding=\"async\" class=\"flexbox shadow-large img1\" data-size=\"500x500\" src=\"\/\/extendthemes.com\/assets\/mesmerize\/sections-images\/content-15.jpg\" ><\/div> <\/div><\/div> <\/div><\/div><div data-label=\"Cta\" data-id=\"cta--1\" data-export-id=\"cta-blue-section\" data-category=\"cta\" class=\"cta-blue-section content-section content-section-spacing-medium bg-color1 white-text\" id=\"cta-1\" ><div class=\"gridContainer\" > <div class=\"row middle-xs\" ><div class=\"col-sm-8 space-bottom-xs\" data-type=\"column\" > <h2 class=\"\" >Unseres Betriebstagebuch mit einem noch gr\u00f6\u00dferen Auswertungsumfang<\/h2> <\/div> <div class=\"col-sm-4 end-sm\" data-type=\"column\" > <a class=\"button color2 dark-text\" href=\"https:\/\/www.heitec-umwelttechnik.de\/wordpress\/umfassendes-update-unseres-betriebstagebuchs\"  target=\"_self\" data-cp-link=\"1\" data-icon=\"\">mehr dazu<\/a><\/div> <\/div><\/div> <\/div><div data-label=\"Content\" data-id=\"content--3\" data-export-id=\"content-8\" data-category=\"content\" class=\"content-8 content-section content-section-spacing\" id=\"content-3\"  style=\"background-color: rgb(255, 255, 255);\"><div class=\"gridContainer\" > <div class=\"row middle-sm\" ><div class=\"col-sm-6 space-bottom-xs space-top-xs\" data-type=\"column\" > <img decoding=\"async\" class=\"shadow-large\" src=\"https:\/\/www.heitec-umwelttechnik.de\/wordpress\/wp-content\/uploads\/2019\/08\/cropped-RadOX.jpg\"  alt=\"\" title=\"cropped-RadOX.jpg\"><\/div> <div class=\"col-sm-6\" data-type=\"column\" ><h2 class=\"\" >Innovative Verfahren<\/h2> <p class=\"\" >Die Entwicklung auf der Galvanoseite geht immer schneller weiter. Daher kann die Abwasseraufbereitung nicht stehen bleiben.<br >\n<br >Wir entwickeln eigene innovative Verfahren wie RadOx. Die kosten- und zeitintensive Arbeit daran lohnt sich immer. Neben dem eigentlichen Verfahren werden als &#8222;Nebenprodukte&#8220; bestehende Verfahren verbessert und unsere eigenen Vorgehensweisen optimiert. Wir bleiben dadurch nicht beim Stand der Technik stehen sondern sind immer einen Schritt voraus<\/p> <\/div> <\/div><\/div> <\/div>","protected":false},"excerpt":{"rendered":"<p>Bew\u00e4hrtes verbessern Wir arbeiten kontinuierliche an der Verbesserung unseren Verfahren Bedienung vereinfachen Die Mensch-Maschine Schnittstelle ist f\u00fcr den erfolgreichen Einsatz unserer Verfahren von zentraler Bedeutung&nbsp;und wird daher st\u00e4ndig optimiert. Innovation Die Entwicklung innovativer Verfahren bis zur Marktreife kostet viel Zeit, aber es bringt uns in allen Bereichen weiter. z\u00fcndende Ideen Manchmal kommen uns Ideen zur&hellip; <br \/> <a class=\"read-more\" href=\"https:\/\/www.heitec-umwelttechnik.de\/wordpress\/leistungen\/verfahrensentwicklung\/\">Weiterlesen<\/a><\/p>\n","protected":false},"author":1,"featured_media":433,"parent":479,"menu_order":0,"comment_status":"closed","ping_status":"closed","template":"pro\/page-templates\/full-width-page.php","meta":{"iawp_total_views":13,"footnotes":""},"class_list":["post-404","page","type-page","status-publish","has-post-thumbnail","hentry"],"_links":{"self":[{"href":"https:\/\/www.heitec-umwelttechnik.de\/wordpress\/wp-json\/wp\/v2\/pages\/404","targetHints":{"allow":["GET"]}}],"collection":[{"href":"https:\/\/www.heitec-umwelttechnik.de\/wordpress\/wp-json\/wp\/v2\/pages"}],"about":[{"href":"https:\/\/www.heitec-umwelttechnik.de\/wordpress\/wp-json\/wp\/v2\/types\/page"}],"author":[{"embeddable":true,"href":"https:\/\/www.heitec-umwelttechnik.de\/wordpress\/wp-json\/wp\/v2\/users\/1"}],"replies":[{"embeddable":true,"href":"https:\/\/www.heitec-umwelttechnik.de\/wordpress\/wp-json\/wp\/v2\/comments?post=404"}],"version-history":[{"count":8,"href":"https:\/\/www.heitec-umwelttechnik.de\/wordpress\/wp-json\/wp\/v2\/pages\/404\/revisions"}],"predecessor-version":[{"id":1129,"href":"https:\/\/www.heitec-umwelttechnik.de\/wordpress\/wp-json\/wp\/v2\/pages\/404\/revisions\/1129"}],"up":[{"embeddable":true,"href":"https:\/\/www.heitec-umwelttechnik.de\/wordpress\/wp-json\/wp\/v2\/pages\/479"}],"wp:featuredmedia":[{"embeddable":true,"href":"https:\/\/www.heitec-umwelttechnik.de\/wordpress\/wp-json\/wp\/v2\/media\/433"}],"wp:attachment":[{"href":"https:\/\/www.heitec-umwelttechnik.de\/wordpress\/wp-json\/wp\/v2\/media?parent=404"}],"curies":[{"name":"wp","href":"https:\/\/api.w.org\/{rel}","templated":true}]}}