{"id":479,"date":"2015-02-04T13:19:34","date_gmt":"2015-02-04T13:19:34","guid":{"rendered":"http:\/\/www.heitec-umwelttechnik.de\/wordpress\/?page_id=479"},"modified":"2019-08-19T11:04:12","modified_gmt":"2019-08-19T11:04:12","slug":"leistungen","status":"publish","type":"page","link":"https:\/\/www.heitec-umwelttechnik.de\/wordpress\/leistungen\/","title":{"rendered":"Wir k\u00f6nnen &#8230;"},"content":{"rendered":"<div  data-id=\"initial-content-section\" data-export-id=\"initial-content-section\" data-label=\"Initial Content\" id=\"initial-content-section\" class=\"content-section content-section-spacing\">\n   <div  class=\"gridContainer\">\n     <div  class=\"row\">\n\n        <div  class=\"col-xs-12 col-sm-12\">                <p ><\/p>\n\n          <\/div>\n      <\/div>\n  <\/div>\n<\/div><div  data-label=\"About\" data-id=\"about--1\" data-export-id=\"about-10\" data-category=\"about\" class=\"about-10 content-section content-section-spacing\" id=\"about-1\" style=\"background-color: rgb(245, 250, 253);\"><div  class=\"gridContainer\"> <div  class=\"row middle-sm text-center\"><div  class=\"col-sm-5 space-bottom-xs content-column\" data-type=\"column\">  <h2  class=\"\">Wir sind\u2026 <\/h2> <p  class=\"\" style=\"text-align: right;\">HeiTec ist ein Ingenieurb\u00fcro f\u00fcr prozessorientierten Umwelt-schutz mit dem Schwerpunkt<span  style=\"font-weight: 600;\"> industrielle Wassernutzung<\/span> und Abwasserbehandlung in der Oberfl\u00e4chentechnik.<br >\n\n<br ><span  style=\"font-weight: 600;\">Produktionsprozesse<\/span> werden als integratives System von Betriebspersonal, technischer Ausstattung und technologischen Anforderungen mit deren Auswirkungen auf die Produktionskosten und Umwelt verstanden.<br >\n\n<br >Die Wurzeln von HeiTec liegen im Anlagenbau, daher ist das Engineering verfahrenstechnischer Anlagen im Bereich Wasseraufbereitung <span  style=\"font-weight: 600;\">(Frisch-, Prozess- und Abwasseraufbereitung<\/span>) eine unserer Kernkompetenzen.<br >\n\n<br >Bereits sehr fr\u00fch wurden die Produktionsprozesse und deren Erfordernisse in die Planung einbezogen. Es entstanden die ersten integrierten Umweltschutzkonzepte. Diese wurden um die Betriebskostenbetrachtungen erweitert. Die <span  style=\"font-weight: 600;\">Prozess- und Kostenoptimierung<\/span> f\u00fcr Oberfl\u00e4chenveredelungen ist heute zu einem wichtigen Arbeitsgebiet geworden.<br >\n\n<br >Unsere sorgf\u00e4ltig geplanten Anlagen und Verfahren werden von Menschen betreut. Bei Investprojekten oder Einf\u00fchrungen neuer Verfahrensweisen bietet sich neben einer umfassenden Information aller betroffener Mitarbeiter, deren Schulung und Ausbildung auch eine abteilungs\u2013 oder bereichsorientierte Organisationsentwicklung an. \n<br ><br >Konzepte zur Mitarbeitereinbindung und \u2013schulung runden das Leistungsspektrum ab.<\/p> <\/div> <div  class=\"col-sm-7 flexbox middle-xs center-xs space-bottom-xs\"><div  class=\"overlay-box middle-xs center-xs flexbox\"> <div  class=\"overlay-box-offset offset-border shadow-medium border-color1 hide-xs\"><\/div> <img decoding=\"async\"  class=\"shadow-large\" data-size=\"485x705\" src=\"https:\/\/www.heitec-umwelttechnik.de\/wordpress\/wp-content\/uploads\/2018\/06\/cropped-Martial-Arts-Tricking.jpg\" alt=\"\" title=\"cropped-Martial-Arts-Tricking.jpg\"><\/div> <\/div><\/div> <\/div><\/div><div  data-label=\"Content\" data-id=\"content--1\" data-export-id=\"content-2\" data-category=\"content\" class=\"content-2 content-section content-section-spacing\" id=\"content-1\" style=\"background-color: rgb(255, 255, 255);\"><div > <div  class=\"row middle-xs\"><div  class=\"col-sm-5 bg-image shadow-large-black\" data-bg=\"image\"><\/div> <div  class=\"col-sm-7 full-col-left-padding full-col-right-padding\"> <div  class=\"row\"> <div  data-type=\"column\" class=\"space-bottom-small content-title-col\">  <h2  class=\"\">\u2026unser Werkzeugkasten<\/h2> <p  class=\"\">Mit den Jahren haben wir einen umfangreichen Werkzeugkasten entwickelt, der immer erweitert und optimiert wird.<\/p><\/div> <\/div> <div  class=\"row spaced-cols \" data-type=\"row\"> <div  class=\"col-xs-6\" data-type=\"column\"> <h5  class=\"\">Potenzialanalyse<\/h5> <p  class=\"\">Mengen, Kosten, Zeit und Personal<\/p><\/div> <div  class=\"col-xs-6\" data-type=\"column\"><h5  class=\"\">Planung<\/h5> <p  class=\"\">verfahrenstechnische Anlagen und deren Besonderheiten bei der Planung sind unser Spezialgebiet<\/p><\/div> <div  class=\"col-xs-6\" data-type=\"column\"><h5  class=\"\">Mitarbeitereinbindung<\/h5> <p  class=\"\">Ob Neuplanuung oder Anpassung, werden die Mitarbeiter in diese Ver\u00e4nderung nicht eingebunden besteht die Gefahr, dass die Notwendigkeit nicht eingesehen wird und in der Folge die Ver\u00e4nderung ignoriert oder schlimmstenfalls boykottiert wird.<\/p><\/div> <div  class=\"col-xs-6\" data-type=\"column\"><h5  class=\"\">Qualifizierung<\/h5> <p  class=\"\">Wir unterhalten einen eigenen Online-Campus, um Aus- und Weiterbildung zeit- und ortsunabh\u00e4ngig anbieten zu k\u00f6nnen.<\/p><\/div> <div  class=\"col-xs-6\" data-type=\"column\"> <h5  class=\"\">Beh\u00f6rdenmanagement<\/h5> <p  class=\"\">von der Projektvorstellung bis zur Genehmigung<\/p><\/div><div  class=\"col-xs-6\" data-type=\"column\"> <h5  class=\"\">Verfahrensentwicklung<\/h5> <p  class=\"\">Neben der Weiterentwicklung der eingesetzen Verfahren, entwickeln wir eigene Verfahern wie RadOx<\/p><\/div><\/div><\/div> <\/div><\/div> <\/div>","protected":false},"excerpt":{"rendered":"<p>Wir sind\u2026 HeiTec ist ein Ingenieurb\u00fcro f\u00fcr prozessorientierten Umwelt-schutz mit dem Schwerpunkt industrielle Wassernutzung und Abwasserbehandlung in der Oberfl\u00e4chentechnik. Produktionsprozesse werden als integratives System von Betriebspersonal, technischer Ausstattung und technologischen Anforderungen mit deren Auswirkungen auf die Produktionskosten und Umwelt verstanden. Die Wurzeln von HeiTec liegen im Anlagenbau, daher ist das Engineering verfahrenstechnischer Anlagen im Bereich&hellip; <br \/> <a class=\"read-more\" href=\"https:\/\/www.heitec-umwelttechnik.de\/wordpress\/leistungen\/\">Weiterlesen<\/a><\/p>\n","protected":false},"author":3,"featured_media":0,"parent":0,"menu_order":0,"comment_status":"open","ping_status":"open","template":"pro\/page-templates\/full-width-page.php","meta":{"iawp_total_views":25,"footnotes":""},"class_list":["post-479","page","type-page","status-publish","hentry"],"_links":{"self":[{"href":"https:\/\/www.heitec-umwelttechnik.de\/wordpress\/wp-json\/wp\/v2\/pages\/479","targetHints":{"allow":["GET"]}}],"collection":[{"href":"https:\/\/www.heitec-umwelttechnik.de\/wordpress\/wp-json\/wp\/v2\/pages"}],"about":[{"href":"https:\/\/www.heitec-umwelttechnik.de\/wordpress\/wp-json\/wp\/v2\/types\/page"}],"author":[{"embeddable":true,"href":"https:\/\/www.heitec-umwelttechnik.de\/wordpress\/wp-json\/wp\/v2\/users\/3"}],"replies":[{"embeddable":true,"href":"https:\/\/www.heitec-umwelttechnik.de\/wordpress\/wp-json\/wp\/v2\/comments?post=479"}],"version-history":[{"count":10,"href":"https:\/\/www.heitec-umwelttechnik.de\/wordpress\/wp-json\/wp\/v2\/pages\/479\/revisions"}],"predecessor-version":[{"id":1187,"href":"https:\/\/www.heitec-umwelttechnik.de\/wordpress\/wp-json\/wp\/v2\/pages\/479\/revisions\/1187"}],"wp:attachment":[{"href":"https:\/\/www.heitec-umwelttechnik.de\/wordpress\/wp-json\/wp\/v2\/media?parent=479"}],"curies":[{"name":"wp","href":"https:\/\/api.w.org\/{rel}","templated":true}]}}