{"id":534,"date":"2015-07-14T13:12:28","date_gmt":"2015-07-14T13:12:28","guid":{"rendered":"http:\/\/www.heitec-umwelttechnik.de\/wordpress\/?page_id=534"},"modified":"2025-10-15T13:49:14","modified_gmt":"2025-10-15T11:49:14","slug":"campus","status":"publish","type":"page","link":"https:\/\/www.heitec-umwelttechnik.de\/wordpress\/campus\/","title":{"rendered":"Campus"},"content":{"rendered":"<div data-label=\"About\" data-id=\"about--1\" data-export-id=\"about-9\" data-category=\"about\" class=\"about-9 content-section content-section-spacing\" id=\"about-1\"  style=\"background-color: rgb(245, 250, 253);\"><div class=\"gridContainer\" > <div class=\"row middle-sm text-center\" ><div class=\"col-sm-5 space-bottom-xs content-column content-right-sm\" data-type=\"column\" >  <h2 class=\"\" >Praxisgerechte <br > <span style=\"font-family: Playfair Display,sans-serif; font-weight: 700; font-style: italic;\" href=\"#\" >Weiterbildung + Qualifizierung<\/span> in unserem Campus<\/h2> <p class=\"\" >Die Personaldecke in den Betrieben ist d\u00fcnn geworden.<br >\r\nL\u00e4ngere Abwesenheit von der Tagesarbeit wird immer schwieriger zu realisieren.  Aber die Erweiterung des Wissens ist f\u00fcr die Zukunftsentwicklung sowohl der Mitarbeiter wie auch der Firmen erforderlich. <span style=\"font-weight: 600; color: rgb(221, 51, 51);\" >Leider sind gerade im Bereich der Umwelttechnik die Publikationen fast nicht vorhanden<\/span>.<br >\r\nWir gehen neue Wege und bieten in unserem Campus Informationen, Einzelkurse und Kurspakete zum Thema Umweltechnik und Galvanik von unterschiedlichen Autoren an. eLearning ist gut geeignet um Schl\u00fcsselinformationen und Wissen zeit- und ortsunabh\u00e4ngig zu vermitteln.<br ><br >\r\nWissen allein reicht nicht! K\u00f6nnen und Anwenden ist gefragt..<\/p> <a class=\"button color1\" href=\"http:\/\/campus.heitec-umwelttechnik.de\/moodle\"  target=\"_self\" data-cp-link=\"1\" data-icon=\"\">zum Campus<\/a><\/div> <div class=\"col-sm-7 flexbox flexbox middle-xs center-xs space-bottom-xs\" ><div class=\"overlay-box flexbox middle-xs center-xs overlay-holder \" > <div class=\"overlay-box-offset offset-background shadow-medium bg-color2 hide-xs\" ><\/div> <img decoding=\"async\" class=\"flexbox shadow-large img1\" src=\"https:\/\/www.heitec-umwelttechnik.de\/wordpress\/wp-content\/uploads\/2019\/08\/cropped-Bibliothek_533_400.jpg\" data-size=\"600x400\"  alt=\"\" title=\"cropped-Bibliothek_533_400.jpg\"><\/div> <\/div><\/div> <\/div><\/div><div data-label=\"Content\" data-id=\"content--1\" data-export-id=\"content-10\" data-category=\"content\" class=\"content-10 content-section content-section-spacing\" id=\"content-1\"  style=\"background-color: rgb(255, 255, 255);\"><div class=\"gridContainer\" > <div class=\"row middle-sm\" ><div class=\"col-sm-6 center-xs middle-xs space-bottom-xs\" > <div class=\"lightbox-video lightbox-video-tall dark-overlay shadow-large flexbox middle-xs center-xs\" data-type=\"group\" data-bg=\"image\"  style=\"background-image: url(&quot;https:\/\/www.heitec-umwelttechnik.de\/wordpress\/wp-content\/uploads\/2019\/08\/cropped-Infographik_CL.jpg&quot;);\"> <a data-fancybox=\"\" data-video-lightbox=\"true\" href=\"https:\/\/www.youtube.com\/watch?v=1nDPdZd21VE\" > <i data-cp-fa=\"true\" class=\"fa video-icon fa-play-circle-o color-white\" ><\/i><\/a> <\/div><\/div> <div class=\"col-sm-6 space-bottom-xs\" data-type=\"column\" ><h2 class=\"\" >Wissen allein reicht nicht!<\/h2> <p class=\"\" >Es ist die Umsetzung in Handlung, das \u201eK\u00f6nnen\u201c ist vom Unternehmen gefordert. Dies ist kann man nicht im Klassenraum erlangen. Daher ver\u00e4ndern sich die typischen Lernorte. Die reine Wissensvermittlung kann zeit- und ortsunabh\u00e4ngig durch eLearning erfolgen, Handeln lernt man als Erwachsener vor Ort.\r\n<br ><br >Diese Anforderungen haben zu Entwicklungen in der Qualifikation von Mitarbeitern abseits des Klassenzimmers gef\u00fchrt.<\/p> <\/div> <\/div><\/div> <\/div>","protected":false},"excerpt":{"rendered":"<p>Praxisgerechte Weiterbildung + Qualifizierung in unserem Campus Die Personaldecke in den Betrieben ist d\u00fcnn geworden. L\u00e4ngere Abwesenheit von der Tagesarbeit wird immer schwieriger zu realisieren. Aber die Erweiterung des Wissens ist f\u00fcr die Zukunftsentwicklung sowohl der Mitarbeiter wie auch der Firmen erforderlich. Leider sind gerade im Bereich der Umwelttechnik die Publikationen fast nicht vorhanden. Wir&hellip; <br \/> <a class=\"read-more\" href=\"https:\/\/www.heitec-umwelttechnik.de\/wordpress\/campus\/\">Weiterlesen<\/a><\/p>\n","protected":false},"author":1,"featured_media":0,"parent":0,"menu_order":0,"comment_status":"open","ping_status":"open","template":"pro\/page-templates\/full-width-page.php","meta":{"iawp_total_views":24,"footnotes":""},"class_list":["post-534","page","type-page","status-publish","hentry"],"_links":{"self":[{"href":"https:\/\/www.heitec-umwelttechnik.de\/wordpress\/wp-json\/wp\/v2\/pages\/534","targetHints":{"allow":["GET"]}}],"collection":[{"href":"https:\/\/www.heitec-umwelttechnik.de\/wordpress\/wp-json\/wp\/v2\/pages"}],"about":[{"href":"https:\/\/www.heitec-umwelttechnik.de\/wordpress\/wp-json\/wp\/v2\/types\/page"}],"author":[{"embeddable":true,"href":"https:\/\/www.heitec-umwelttechnik.de\/wordpress\/wp-json\/wp\/v2\/users\/1"}],"replies":[{"embeddable":true,"href":"https:\/\/www.heitec-umwelttechnik.de\/wordpress\/wp-json\/wp\/v2\/comments?post=534"}],"version-history":[{"count":4,"href":"https:\/\/www.heitec-umwelttechnik.de\/wordpress\/wp-json\/wp\/v2\/pages\/534\/revisions"}],"predecessor-version":[{"id":1138,"href":"https:\/\/www.heitec-umwelttechnik.de\/wordpress\/wp-json\/wp\/v2\/pages\/534\/revisions\/1138"}],"wp:attachment":[{"href":"https:\/\/www.heitec-umwelttechnik.de\/wordpress\/wp-json\/wp\/v2\/media?parent=534"}],"curies":[{"name":"wp","href":"https:\/\/api.w.org\/{rel}","templated":true}]}}