{"id":784,"date":"2019-07-12T10:04:18","date_gmt":"2019-07-12T10:04:18","guid":{"rendered":"https:\/\/www.heitec-umwelttechnik.de\/wordpress\/mesmerize\/"},"modified":"2024-08-28T10:04:15","modified_gmt":"2024-08-28T08:04:15","slug":"mesmerize","status":"publish","type":"page","link":"https:\/\/www.heitec-umwelttechnik.de\/wordpress\/","title":{"rendered":"Front Page"},"content":{"rendered":"<div  data-label=\"Overlappable\" data-id=\"overlappable--1\" data-export-id=\"overlappable-6\" data-category=\"overlappable\" class=\"overlappable-6 content-section content-section-spacing content-relative\" data-overlap=\"true\" id=\"overlappable-5\" style=\"background-color: rgb(255, 255, 255);\"><div  class=\"gridContainer\"> <div  data-type=\"row\" class=\"row shadow-medium\"><div  class=\"col-xs-12 col-sm-4 col-padding-small col-padding-small-xs white-text bg-color2\"> <div  class=\"row middle-xs\"><div  class=\"col-xs-12 col-sm-fit space-bottom-small-xs\"> <a data-cp-link=\"1\" href=\"https:\/\/www.heitec-umwelttechnik.de\/wordpress\/umfassendes-update-unseres-betriebstagebuchs\" target=\"_self\" rel=\"noopener noreferrer\"><i  class=\"fa icon fa-play-circle reverse round color8\"><\/i><\/a><\/div> <div  data-type=\"column\" class=\"col-xs-12 col-sm\"><h4  class=\"\"><span  style=\"font-weight: 700; color: rgb(52, 58, 64);\">Sonderthema 2024<\/span><\/h4> <p  class=\"font-300\"><span  style=\"font-weight: 400; color: rgb(52, 58, 64);\">Kiesfilter, Ionenaustauscher &amp; Co. Alles rund um Betriebssicherheit, Alarmsignale und Kostenkontrolle<\/span><\/p><\/div> <\/div><\/div> <div  class=\"col-xs-12 col-sm-4 col-padding-small col-padding-small-xs white-text bg-color2\"><div  class=\"row middle-xs\"> <div  class=\"col-xs-12 col-sm-fit space-bottom-small-xs\"><a data-cp-link=\"1\" href=\"http:\/\/podcast.heitec-umwelttechnik.de\" target=\"_self\" rel=\"noopener noreferrer\" class=\"\"><i  class=\"fa icon fa-arrow-circle-right reverse round color8\"><\/i><\/a><\/div> <div  data-type=\"column\" class=\"col-xs-12 col-sm\"><h4  class=\"\"><span  style=\"font-weight: 700; color: rgb(52, 58, 64);\">NEU<br >Unser Podcast<\/span><\/h4> <p  class=\"font-300\"><span  style=\"font-weight: 400; color: rgb(52, 58, 64);\">Audio geht leicht ins Ohr und bleibt im Kopf! In der Fragestunde beantworten Profis Ihre Fragen. <\/span><\/p><\/div> <\/div><\/div> <div  class=\"col-xs-12 col-sm-4 col-padding-small col-padding-small-xs white-text bg-color2\"><div  class=\"row middle-xs\"> <div  class=\"col-xs-12 col-sm-fit space-bottom-small-xs\"><a data-cp-link=\"1\" href=\"https:\/\/www.heitec-umwelttechnik.de\/wordpress\/webinar\" target=\"_self\" rel=\"noopener noreferrer\"><i  class=\"fa icon fa-caret-square-o-right reverse round color8\"><\/i><\/a><\/div> <div  data-type=\"column\" class=\"col-xs-12 col-sm\"><h4  class=\"\"><span  style=\"font-weight: 700; color: rgb(52, 58, 64);\">\nNOWHERE<\/span><\/h4> <p  class=\"font-300\"><span  style=\"color: rgb(52, 58, 64); font-weight: 400;\">Unsere Raumstation im digitalen Universum. Erkunden Sie die Station mit Ihrem Avatar. Plauschen am Kaffeetisch oder ernsthates Webinar.<\/span> <\/p><\/div> <\/div><\/div> <\/div><\/div> <\/div><div  data-label=\"About\" data-id=\"about--2\" data-export-id=\"about-9\" data-category=\"about\" class=\"about-9 content-section content-section-spacing\" id=\"about-2\" style=\"background-color: rgb(245, 250, 253);\"><div  class=\"gridContainer\"><div  data-section-title-area=\"true\" class=\"row text-center\">   <div  class=\"section-title-col\" data-type=\"column\">       <h2  class=\"\" style=\"text-align: center;\"><span  style=\"font-weight: 900; color: rgb(221, 51, 51);\">Wir sind \u2026<\/span>\n<\/h2>          <\/div><\/div> <div  class=\"row middle-sm text-center\"><div  class=\"col-sm-5 space-bottom-xs content-column content-right-sm\" data-type=\"column\">  <h2  class=\"\">Unser Dreamteam: <br > <span  style=\"font-family: Playfair Display,sans-serif; font-weight: 700; font-style: italic;\" href=\"#\">Erfahrung + Innovation<\/span> miteinander kombiniert<\/h2> <p  class=\"\">Wir sind ein Ingenieurb\u00fcro  f\u00fcr prozessorientierten Umweltschutz mit dem Schwerpunkt industrielle Wassernutzung und Abwasserbehandlung in der  Oberfl\u00e4chentechnik.\n<br ><br >\nDie Produktionsprozesse werden als integratives System von Betriebspersonal, technischer Ausstattung und technologischen Anforderungen mit deren Auswirkungen auf die Produktionskosten und Umwelt verstanden..<\/p> <a class=\"button color1\" href=\"https:\/\/www.heitec-umwelttechnik.de\/wordpress\/leistungen\" target=\"_self\" data-cp-link=\"1\" data-icon=\"\" rel=\"noopener noreferrer\">mehr<\/a><\/div> <div  class=\"col-sm-7 flexbox flexbox middle-xs center-xs space-bottom-xs\"><div  class=\"overlay-box flexbox middle-xs center-xs overlay-holder \"> <div  class=\"overlay-box-offset offset-background shadow-medium bg-color2 hide-xs\"><\/div> <img  decoding=\"async\" class=\"flexbox shadow-large img1\" src=\"https:\/\/www.heitec-umwelttechnik.de\/wordpress\/wp-content\/uploads\/2019\/08\/Steps.jpg\" data-size=\"600x400\" alt=\"\" title=\"Steps\"><\/div> <\/div><\/div> <\/div><\/div><div  data-label=\"Features\" data-id=\"features--1\" data-export-id=\"features-13-card-bordered-colored\" data-category=\"features\" class=\"features-13 content-section content-section-spacing\" id=\"features-4\" style=\"background-color: rgba(249, 249, 249, 0.992); background-image: none;\"><div  class=\"\"> <div  class=\"row text-center\"><div  class=\"section-title-col\" data-type=\"column\"> <h2  class=\"\" style=\"text-align: center;\"><span  style=\"font-family: Open Sans, arial, helvetica, sans-serif; font-weight: 700; color: rgb(221, 51, 51);\">Wir machen \u2026\n<\/span><\/h2> <\/div> <\/div> <div  class=\"row spaced-cols\" data-type=\"row\"> <div  class=\"col xs-12 col-sm-3\"> <div  class=\"card bottom-border-color1\" data-type=\"column\">  <img  decoding=\"async\" class=\"custom-image\" src=\"https:\/\/www.heitec-umwelttechnik.de\/wordpress\/wp-content\/uploads\/2015\/01\/cropped-Fotolia_72740040_XS-1.jpg\" alt=\"\" title=\"cropped-Fotolia_72740040_XS-1.jpg\"><h4  class=\"\"><span  style=\"color: rgb(161, 6, 38); font-family: Open Sans, arial, helvetica, sans-serif;\">360\u00b0 Engineering<\/span><\/h4> <p  class=\"\">Wir bieten Ihnen mehr als nur die klassischen Planungsleistungen im verfahrenstechnischen Anlagenbau. Unser Ansatz ist ein umfassender. Wir sehen nicht nur die einzelnen technischen und verfahrenstechnischen Aspekte sondern auch deren Wechselwirkungen.<\/p> <a class=\"button y-move small color2 dark-text\" href=\"https:\/\/www.heitec-umwelttechnik.de\/wordpress\/leistungen\/360-engineering\" target=\"_self\" data-cp-link=\"1\" data-icon=\"\" rel=\"noopener noreferrer\">Details<\/a><\/div> <\/div> <div  class=\"col xs-12 col-sm-3\"> <div  class=\"card bottom-border-color1\" data-type=\"column\"> <img  decoding=\"async\" class=\"custom-image\" src=\"https:\/\/www.heitec-umwelttechnik.de\/wordpress\/wp-content\/uploads\/2015\/01\/cropped-Fotolia_47579307_XS-2.jpg\" alt=\"\" title=\"cropped-Fotolia_47579307_XS-2.jpg\"> <h4  class=\"\"><span  style=\"font-family: Open Sans, arial, helvetica, sans-serif; color: rgb(161, 6, 38);\">Kostenoptimierung<\/span><\/h4> <p  class=\"\">Die Gewinne werden mit nicht mehr mit den Preisen sondern mit den Kosten gemacht. In der Galvanobranche sind die einfach zu realisierenden Potenziale, wie Personal, Einkaufspreise, etc. ausgesch\u00f6pft. \n<br ><br >Die Potenziale liegen heute in der Verfahrenstechnik und den Schnittstellen zwischen den Produktionsanlagen und den vor- und nachgeschalteten Peripherieanlagen.<\/p> <a class=\"button y-move small color2 dark-text\" href=\"https:\/\/www.heitec-umwelttechnik.de\/wordpress\/leistungen\/potenzialcheck\" target=\"_self\" data-cp-link=\"1\" data-icon=\"\" rel=\"noopener noreferrer\">Details<\/a><\/div> <\/div> <div  class=\"col xs-12 col-sm-3\"> <div  class=\"card bottom-border-color1\" data-type=\"column\"> <img  decoding=\"async\" class=\"custom-image\" src=\"https:\/\/www.heitec-umwelttechnik.de\/wordpress\/wp-content\/uploads\/2018\/06\/cropped-Projekt.jpg\" alt=\"\" title=\"cropped-Projekt.jpg\"> <h4  class=\"\"><span  style=\"font-family: Open Sans, arial, helvetica, sans-serif; color: rgb(161, 6, 38);\">Projektmanagement + verfahrenstechnische Anlagen<\/span><\/h4> <p  class=\"\">Verfahrenstechnische Anlagen, zu denen auch Galvanoanlagen und Wasseraufbereitungen geh\u00f6ren, weisen eine Reihe von Besonderheiten im Vergleich zum klassischen Anlagenbau auf. Angefangen vom Projektstart \u00fcber die verfahrenstechnischen Garantien, die Vertragsgestaltung bis hin zur verfahrenstechnischen Inbetriebnahme gibt es viele Fallstricke, die es zu vermeiden gilt.<\/p> <a class=\"button y-move small color2 dark-text\" href=\"https:\/\/www.heitec-umwelttechnik.de\/wordpress\/leistungen\/pm\" target=\"_blank\" data-cp-link=\"1\" data-icon=\"\" rel=\"noopener noreferrer\">Details<\/a><\/div> <\/div> <div  class=\"col xs-12 col-sm-3\"> <div  class=\"card bottom-border-color1\" data-type=\"column\">  <img  decoding=\"async\" class=\"custom-image\" src=\"https:\/\/www.heitec-umwelttechnik.de\/wordpress\/wp-content\/uploads\/2019\/07\/cropped-iStock_000011712283XSmall.jpg\" alt=\"\" title=\"cropped-iStock_000011712283XSmall.jpg\"><h4  class=\"\"><span  style=\"font-family: Open Sans, arial, helvetica, sans-serif; color: rgb(161, 6, 38);\">Verfahren, F+E<\/span><\/h4> <p  class=\"\"><span  style=\"font-weight: 400;\">Die vorhandenen Behandlungsverfahren werden von uns kontinuierlich weiterentwickelt, um einerseits den verfahrenstechnischen Anforderungen durch die ver\u00e4nderten Bedingungen in der Galvanotechnik gerecht zu werden, andererseits die immer wichtiger werdenden wirtschaftlichen Aspekte zu ber\u00fccksichtigen. <\/span><\/p> <a class=\"button y-move small color2 dark-text\" href=\"https:\/\/www.heitec-umwelttechnik.de\/wordpress\/leistungen\/verfahrensentwicklung\" target=\"_self\" data-cp-link=\"1\" data-icon=\"\" rel=\"noopener noreferrer\">Details<\/a><\/div> <\/div><\/div> <\/div><\/div><div  data-label=\"Cta\" data-id=\"cta--1\" data-export-id=\"cta-blue-section\" data-category=\"cta\" class=\"cta-blue-section content-section content-section-spacing-medium bg-color1 white-text content-relative\" id=\"cta-2\" style=\"background-image: none; background-color: rgb(244, 241, 237);\" data-section-ov=\"1\"><div  class=\"section-separator-top\">\n    <svg  xmlns=\"http:\/\/www.w3.org\/2000\/svg\" viewBox=\"0 0 2600 131.1\" preserveAspectRatio=\"none\" data-separator-name=\"opacity-tilt\" class=\"section-separator-top\">\n\t<path  class=\"svg-white-bg\" d=\"M0 0L2600 0 2600 69.1 0 0z\"><\/path>\n\t<path  class=\"svg-white-bg\" style=\"opacity: 0.5;\" d=\"M0 0L2600 0 2600 69.1 0 69.1z\"><\/path>\n\t<path  class=\"svg-white-bg\" style=\"opacity: 0.25;\" d=\"M2600 0L0 0 0 130.1 2600 69.1z\"><\/path>\n<\/svg>\n<\/div><div  class=\"\"> <div  class=\"row middle-xs\"><div  class=\"col-sm-8 space-bottom-xs\" data-type=\"column\"> <h2  class=\"\"><span  style=\"color: rgb(52, 58, 64);\"><span  style=\"font-style: italic;\">Hotspot<\/span><span  class=\"font-300\"><\/span><\/span><span  id=\"_mce_caret\" data-mce-bogus=\"1\" data-mce-type=\"format-caret\"><span  style=\"color: rgb(52, 58, 64);\">\ufeff<\/span><\/span><\/h2> <p  class=\"\"><span  style=\"font-style: italic; color: rgb(52, 58, 64);\">Datengrab oder praxisorientierte Auswertung? Was ist Ihre Datenerfassung ? Wir haben unser Betriebstagebuch runderneuert. Der Auswertungsumfang ist noch gr\u00f6\u00dfer geworden. Erkennen Sie Ihre Zeit- und Kostenfresser auf einen Blick.<\/span><\/p><\/div> <div  class=\"col-sm-4 end-sm\" data-type=\"column\"> <a class=\"button color1 dark-text\" href=\"https:\/\/www.heitec-umwelttechnik.de\/wordpress\/category\/hotspot\" target=\"_self\" data-cp-link=\"1\" data-icon=\"\" rel=\"noopener noreferrer\">zum Hotspot<\/a><\/div> <\/div><\/div> <\/div><div  id=\"latest-news-1\" style=\"background-color: #f5fafd;\" data-label=\"Latest-news\" data-id=\"blog-section\" data-export-id=\"blog-section\" data-category=\"latest_news\" class=\"blog-section blog-section-standard content-section content-section-spacing\"><div  class=\"gridContainer\"> <div  class=\"row\"><div  data-type=\"column\" class=\"section-title-col\"> <h2  class=\"\">Neues aus dem Blog<\/h2> <\/div> <\/div> <div  class=\"row\"> <div  data-type=\"row\" data-dynamic-columns=\"handled\" data-content-shortcode=\"mesmerize_latest_news\">\t\t<div class=\"row center-sm content-left-sm\">\n\t\t\t\t\t<div id=\"post-1845\" class=\"col-sm-6 col-md-4 space-bottom space-bottom-xs\">\n\t\t\t\t<div class=\"post-content card y-move bordered\">\n\t\t\t\t\t    <div class=\"post-thumbnail\">\n        <a href=\"https:\/\/www.heitec-umwelttechnik.de\/wordpress\/kiesfilteranlagen-effizient-betreiben-alarmsignale-verstehen-und-probleme-vorbeugen\/\" class=\"post-list-item-thumb \">\n            <img loading=\"lazy\" decoding=\"async\" width=\"1024\" height=\"768\" src=\"https:\/\/www.heitec-umwelttechnik.de\/wordpress\/wp-content\/uploads\/2024\/07\/KiFi_F-1024x768.jpg\" class=\"attachment-post-thumbnail size-post-thumbnail wp-post-image\" alt=\"\" srcset=\"https:\/\/www.heitec-umwelttechnik.de\/wordpress\/wp-content\/uploads\/2024\/07\/KiFi_F-1024x768.jpg 1024w, https:\/\/www.heitec-umwelttechnik.de\/wordpress\/wp-content\/uploads\/2024\/07\/KiFi_F-300x225.jpg 300w, https:\/\/www.heitec-umwelttechnik.de\/wordpress\/wp-content\/uploads\/2024\/07\/KiFi_F-768x576.jpg 768w, https:\/\/www.heitec-umwelttechnik.de\/wordpress\/wp-content\/uploads\/2024\/07\/KiFi_F-1536x1152.jpg 1536w, https:\/\/www.heitec-umwelttechnik.de\/wordpress\/wp-content\/uploads\/2024\/07\/KiFi_F-2048x1536.jpg 2048w, https:\/\/www.heitec-umwelttechnik.de\/wordpress\/wp-content\/uploads\/2024\/07\/KiFi_F-1440x1080.jpg 1440w\" sizes=\"auto, (max-width: 1024px) 100vw, 1024px\" \/>        <\/a>\n    <\/div>\n    \t\t\t\t\t<div class=\"col-padding col-padding-xs\">\n\t\t\t\t\t\t<h3 class=\"post-title space-bottom-small\">\n\t\t\t\t\t\t\t<a href=\"https:\/\/www.heitec-umwelttechnik.de\/wordpress\/kiesfilteranlagen-effizient-betreiben-alarmsignale-verstehen-und-probleme-vorbeugen\/\" rel=\"bookmark\">\n\t\t\t\t\t\t\t\tKiesfilteranlagen: Effizient betreiben, Alarmsignale verstehen und Probleme vorbeugen\t\t\t\t\t\t\t<\/a>\n\t\t\t\t\t\t<\/h3>\n\t\t\t\t\t\t<p>Winterserie Folge 1 Intro Kiesfilteranlagen sind mehr als nur simple Technik \u2013 sie verbinden Einfachheit mit Effektivit\u00e4t in der Abwasserbehandlung. Doch der Schl\u00fcssel zu einer langfristig effizienten und kostensparenden Nutzung[&hellip;]<\/p>\n\t\t\t\t\t\t<a class=\"read-more link\" href=\"https:\/\/www.heitec-umwelttechnik.de\/wordpress\/kiesfilteranlagen-effizient-betreiben-alarmsignale-verstehen-und-probleme-vorbeugen\/\">\n\t\t\t\t\t\t\tRead more\t\t\t\t\t\t<\/a>\n\t\t\t\t\t<\/div>\n\t\t\t\t<\/div>\n\t\t\t<\/div>\n\t\t\t\t\t\t<div id=\"post-1821\" class=\"col-sm-6 col-md-4 space-bottom space-bottom-xs\">\n\t\t\t\t<div class=\"post-content card y-move bordered\">\n\t\t\t\t\t    <div class=\"post-thumbnail\">\n        <a href=\"https:\/\/www.heitec-umwelttechnik.de\/wordpress\/kiesfilter-ionenaustauscher-co-effiziente-loesungen-fuer-galvanikbetriebe\/\" class=\"post-list-item-thumb \">\n            <img loading=\"lazy\" decoding=\"async\" width=\"1024\" height=\"673\" src=\"https:\/\/www.heitec-umwelttechnik.de\/wordpress\/wp-content\/uploads\/2024\/10\/HeiTec_Thema-1024x673.jpg\" class=\"attachment-post-thumbnail size-post-thumbnail wp-post-image\" alt=\"\" srcset=\"https:\/\/www.heitec-umwelttechnik.de\/wordpress\/wp-content\/uploads\/2024\/10\/HeiTec_Thema-1024x673.jpg 1024w, https:\/\/www.heitec-umwelttechnik.de\/wordpress\/wp-content\/uploads\/2024\/10\/HeiTec_Thema-300x197.jpg 300w, https:\/\/www.heitec-umwelttechnik.de\/wordpress\/wp-content\/uploads\/2024\/10\/HeiTec_Thema-768x505.jpg 768w, https:\/\/www.heitec-umwelttechnik.de\/wordpress\/wp-content\/uploads\/2024\/10\/HeiTec_Thema.jpg 1096w\" sizes=\"auto, (max-width: 1024px) 100vw, 1024px\" \/>        <\/a>\n    <\/div>\n    \t\t\t\t\t<div class=\"col-padding col-padding-xs\">\n\t\t\t\t\t\t<h3 class=\"post-title space-bottom-small\">\n\t\t\t\t\t\t\t<a href=\"https:\/\/www.heitec-umwelttechnik.de\/wordpress\/kiesfilter-ionenaustauscher-co-effiziente-loesungen-fuer-galvanikbetriebe\/\" rel=\"bookmark\">\n\t\t\t\t\t\t\t\tKiesfilter, Ionenaustauscher &amp; Co. \u2013 Effiziente L\u00f6sungen f\u00fcr Galvanikbetriebe\t\t\t\t\t\t\t<\/a>\n\t\t\t\t\t\t<\/h3>\n\t\t\t\t\t\t<p>In der Galvanotechnik spielen Anlagen wie Kiesfilter und Ionenaustauscher eine zentrale Rolle. Sie sorgen f\u00fcr den reibungslosen Betrieb der Produktions- und Abwassertechnik sorgen. Obwohl sie eine so zentrale Bedeutung haben,[&hellip;]<\/p>\n\t\t\t\t\t\t<a class=\"read-more link\" href=\"https:\/\/www.heitec-umwelttechnik.de\/wordpress\/kiesfilter-ionenaustauscher-co-effiziente-loesungen-fuer-galvanikbetriebe\/\">\n\t\t\t\t\t\t\tRead more\t\t\t\t\t\t<\/a>\n\t\t\t\t\t<\/div>\n\t\t\t\t<\/div>\n\t\t\t<\/div>\n\t\t\t\t\t\t<div id=\"post-1470\" class=\"col-sm-6 col-md-4 space-bottom space-bottom-xs\">\n\t\t\t\t<div class=\"post-content card y-move bordered\">\n\t\t\t\t\t    <div class=\"post-thumbnail\">\n        <a href=\"https:\/\/www.heitec-umwelttechnik.de\/wordpress\/foerdermittel-fuer-galvanobetriebe\/\" class=\"post-list-item-thumb \">\n            <img loading=\"lazy\" decoding=\"async\" width=\"1024\" height=\"731\" src=\"https:\/\/www.heitec-umwelttechnik.de\/wordpress\/wp-content\/uploads\/2021\/06\/football-1024x731.jpg\" class=\"attachment-post-thumbnail size-post-thumbnail wp-post-image\" alt=\"\" srcset=\"https:\/\/www.heitec-umwelttechnik.de\/wordpress\/wp-content\/uploads\/2021\/06\/football-1024x731.jpg 1024w, https:\/\/www.heitec-umwelttechnik.de\/wordpress\/wp-content\/uploads\/2021\/06\/football-300x214.jpg 300w, https:\/\/www.heitec-umwelttechnik.de\/wordpress\/wp-content\/uploads\/2021\/06\/football-768x548.jpg 768w, https:\/\/www.heitec-umwelttechnik.de\/wordpress\/wp-content\/uploads\/2021\/06\/football-1536x1097.jpg 1536w, https:\/\/www.heitec-umwelttechnik.de\/wordpress\/wp-content\/uploads\/2021\/06\/football-1512x1080.jpg 1512w, https:\/\/www.heitec-umwelttechnik.de\/wordpress\/wp-content\/uploads\/2021\/06\/football.jpg 1920w\" sizes=\"auto, (max-width: 1024px) 100vw, 1024px\" \/>        <\/a>\n    <\/div>\n    \t\t\t\t\t<div class=\"col-padding col-padding-xs\">\n\t\t\t\t\t\t<h3 class=\"post-title space-bottom-small\">\n\t\t\t\t\t\t\t<a href=\"https:\/\/www.heitec-umwelttechnik.de\/wordpress\/foerdermittel-fuer-galvanobetriebe\/\" rel=\"bookmark\">\n\t\t\t\t\t\t\t\tF\u00f6rdermittel f\u00fcr Galvanobetriebe\t\t\t\t\t\t\t<\/a>\n\t\t\t\t\t\t<\/h3>\n\t\t\t\t\t\t<p>Das ideale Trio f\u00fcr ein Investitionsprojekt. Drei sich erg\u00e4nzende F\u00f6rderprogramme: Investitionsf\u00f6rderung, steuerliche F+E-F\u00f6rderung, Beratungsf\u00f6rderung f\u00fcr Ressourceneffizienzkonzepte.<\/p>\n\t\t\t\t\t\t<a class=\"read-more link\" href=\"https:\/\/www.heitec-umwelttechnik.de\/wordpress\/foerdermittel-fuer-galvanobetriebe\/\">\n\t\t\t\t\t\t\tRead more\t\t\t\t\t\t<\/a>\n\t\t\t\t\t<\/div>\n\t\t\t\t<\/div>\n\t\t\t<\/div>\n\t\t\t\t<\/div>\n\t<\/div><\/div> <div  class=\"row\"><div  class=\"text-center\"> <a class=\"button color1\" data-attr-shortcode=\"href:mesmerize_blog_link\" href=\"https:\/\/www.heitec-umwelttechnik.de\/wordpress\/blog\/\" target=\"_self\" data-icon=\"\" rel=\"noopener noreferrer\">zum Blog<\/a><\/div> <\/div><\/div><\/div>","protected":false},"excerpt":{"rendered":"<p>Sonderthema 2024 Kiesfilter, Ionenaustauscher &amp; Co. Alles rund um Betriebssicherheit, Alarmsignale und Kostenkontrolle NEUUnser Podcast Audio geht leicht ins Ohr und bleibt im Kopf! In der Fragestunde beantworten Profis Ihre Fragen. NOWHERE Unsere Raumstation im digitalen Universum. Erkunden Sie die Station mit Ihrem Avatar. Plauschen am Kaffeetisch oder ernsthates Webinar. Wir sind \u2026 Unser Dreamteam:&hellip; <br \/> <a class=\"read-more\" href=\"https:\/\/www.heitec-umwelttechnik.de\/wordpress\/foerdermittel-fuer-galvanobetriebe\/\">Weiterlesen<\/a><\/p>\n","protected":false},"author":2,"featured_media":0,"parent":0,"menu_order":0,"comment_status":"closed","ping_status":"closed","template":"page-templates\/homepage.php","meta":{"iawp_total_views":415,"footnotes":""},"class_list":["post-784","page","type-page","status-publish","hentry"],"_links":{"self":[{"href":"https:\/\/www.heitec-umwelttechnik.de\/wordpress\/wp-json\/wp\/v2\/pages\/784","targetHints":{"allow":["GET"]}}],"collection":[{"href":"https:\/\/www.heitec-umwelttechnik.de\/wordpress\/wp-json\/wp\/v2\/pages"}],"about":[{"href":"https:\/\/www.heitec-umwelttechnik.de\/wordpress\/wp-json\/wp\/v2\/types\/page"}],"author":[{"embeddable":true,"href":"https:\/\/www.heitec-umwelttechnik.de\/wordpress\/wp-json\/wp\/v2\/users\/2"}],"replies":[{"embeddable":true,"href":"https:\/\/www.heitec-umwelttechnik.de\/wordpress\/wp-json\/wp\/v2\/comments?post=784"}],"version-history":[{"count":72,"href":"https:\/\/www.heitec-umwelttechnik.de\/wordpress\/wp-json\/wp\/v2\/pages\/784\/revisions"}],"predecessor-version":[{"id":1793,"href":"https:\/\/www.heitec-umwelttechnik.de\/wordpress\/wp-json\/wp\/v2\/pages\/784\/revisions\/1793"}],"wp:attachment":[{"href":"https:\/\/www.heitec-umwelttechnik.de\/wordpress\/wp-json\/wp\/v2\/media?parent=784"}],"curies":[{"name":"wp","href":"https:\/\/api.w.org\/{rel}","templated":true}]}}